{"id":9,"date":"2025-06-28T01:34:00","date_gmt":"2025-06-28T01:34:00","guid":{"rendered":"https:\/\/conteneo.store\/index.php\/panier\/"},"modified":"2025-06-28T01:34:00","modified_gmt":"2025-06-28T01:34:00","slug":"panier","status":"publish","type":"page","link":"https:\/\/conteneo.store\/index.php\/panier\/","title":{"rendered":"Panier"},"content":{"rendered":"\n<div data-block-name=\"woocommerce\/cart\" class=\"wp-block-woocommerce-cart alignwide is-loading\">\n<div data-block-name=\"woocommerce\/filled-cart-block\" class=\"wp-block-woocommerce-filled-cart-block\">\n<div data-block-name=\"woocommerce\/cart-items-block\" class=\"wp-block-woocommerce-cart-items-block\">\n<div data-block-name=\"woocommerce\/cart-line-items-block\" class=\"wp-block-woocommerce-cart-line-items-block\"><\/div>\n\n\n\n<div data-block-name=\"woocommerce\/cart-cross-sells-block\" class=\"wp-block-woocommerce-cart-cross-sells-block\">\n<h2 class=\"wp-block-heading has-large-font-size\">\u00c7a peut vous int\u00e9resser&#8230;<\/h2>\n\n\n\n<div data-block-name=\"woocommerce\/cart-cross-sells-products-block\" class=\"wp-block-woocommerce-cart-cross-sells-products-block\"><\/div>\n<\/div>\n<\/div>\n\n\n\n<div data-block-name=\"woocommerce\/cart-totals-block\" class=\"wp-block-woocommerce-cart-totals-block\">\n<div data-block-name=\"woocommerce\/cart-order-summary-block\" class=\"wp-block-woocommerce-cart-order-summary-block\">\n<div data-block-name=\"woocommerce\/cart-order-summary-heading-block\" class=\"wp-block-woocommerce-cart-order-summary-heading-block\"><\/div><div data-block-name=\"woocommerce\/cart-order-summary-coupon-form-block\" class=\"wp-block-woocommerce-cart-order-summary-coupon-form-block\"><\/div><div data-block-name=\"woocommerce\/cart-order-summary-totals-block\" class=\"wp-block-woocommerce-cart-order-summary-totals-block\">\n<div data-block-name=\"woocommerce\/cart-order-summary-subtotal-block\" class=\"wp-block-woocommerce-cart-order-summary-subtotal-block\"><\/div>\n<div data-block-name=\"woocommerce\/cart-order-summary-discount-block\" class=\"wp-block-woocommerce-cart-order-summary-discount-block\"><\/div>\n<div data-block-name=\"woocommerce\/cart-order-summary-fee-block\" class=\"wp-block-woocommerce-cart-order-summary-fee-block\"><\/div>\n<div data-block-name=\"woocommerce\/cart-order-summary-shipping-block\" class=\"wp-block-woocommerce-cart-order-summary-shipping-block\"><\/div>\n<div data-block-name=\"woocommerce\/cart-order-summary-taxes-block\" class=\"wp-block-woocommerce-cart-order-summary-taxes-block\"><\/div><\/div>\n<\/div>\n\n\n\n<div data-block-name=\"woocommerce\/cart-express-payment-block\" class=\"wp-block-woocommerce-cart-express-payment-block\"><\/div>\n\n\n\n<div data-block-name=\"woocommerce\/proceed-to-checkout-block\" class=\"wp-block-woocommerce-proceed-to-checkout-block\"><\/div>\n\n\n\n<div data-block-name=\"woocommerce\/cart-accepted-payment-methods-block\" class=\"wp-block-woocommerce-cart-accepted-payment-methods-block\"><\/div>\n<\/div>\n<\/div>\n\n\n\n<div data-block-name=\"woocommerce\/empty-cart-block\" class=\"wp-block-woocommerce-empty-cart-block\">\n<h2 class=\"wp-block-heading has-text-align-center with-empty-cart-icon wc-block-cart__empty-cart__title\">Votre panier est actuellement vide\u00a0!<\/h2>\n\n\n\n<hr class=\"wp-block-separator has-alpha-channel-opacity is-style-dots\"\/>\n\n\n\n<h2 class=\"wp-block-heading has-text-align-center\">Nouveau dans la boutique<\/h2>\n\n\n<div data-block-name=\"woocommerce\/product-new\" data-columns=\"4\" data-rows=\"1\" class=\"wc-block-grid wp-block-product-new wp-block-woocommerce-product-new wc-block-product-new has-4-columns\"><ul class=\"wc-block-grid__products\"><li class=\"wc-block-grid__product\">\n\t\t\t\t<a href=\"https:\/\/conteneo.store\/index.php\/produit\/pass-crga-0002-unite-de-controle-dacces-aux-evenements-occasion-regarder-la-video\/\" class=\"wc-block-grid__product-link\">\n\t\t\t\t\t<div class=\"wc-block-grid__product-onsale\">\n\t\t\t<span aria-hidden=\"true\">Promo<\/span>\n\t\t\t<span class=\"screen-reader-text\">Produit en promotion<\/span>\n\t\t<\/div>\n\t\t\t\t\t<div class=\"wc-block-grid__product-image\"><img loading=\"lazy\" decoding=\"async\" width=\"430\" height=\"323\" src=\"https:\/\/conteneo.store\/wp-content\/uploads\/2025\/09\/Pass-CRGA.0002-Unite-de-controle-dacces-aux-evenements-OCCASION-Regarder-la-video--430x323.webp\" class=\"attachment-woocommerce_thumbnail size-woocommerce_thumbnail\" alt=\"Pass CRGA.0002 Unit\u00e9 de contr\u00f4le d\u2019acc\u00e8s aux \u00e9v\u00e9nements OCCASION &#039;&#039; Regarder la vid\u00e9o &#039;&#039;\" srcset=\"https:\/\/conteneo.store\/wp-content\/uploads\/2025\/09\/Pass-CRGA.0002-Unite-de-controle-dacces-aux-evenements-OCCASION-Regarder-la-video--430x323.webp 430w, https:\/\/conteneo.store\/wp-content\/uploads\/2025\/09\/Pass-CRGA.0002-Unite-de-controle-dacces-aux-evenements-OCCASION-Regarder-la-video--400x300.webp 400w, https:\/\/conteneo.store\/wp-content\/uploads\/2025\/09\/Pass-CRGA.0002-Unite-de-controle-dacces-aux-evenements-OCCASION-Regarder-la-video--768x576.webp 768w, https:\/\/conteneo.store\/wp-content\/uploads\/2025\/09\/Pass-CRGA.0002-Unite-de-controle-dacces-aux-evenements-OCCASION-Regarder-la-video--860x645.webp 860w, https:\/\/conteneo.store\/wp-content\/uploads\/2025\/09\/Pass-CRGA.0002-Unite-de-controle-dacces-aux-evenements-OCCASION-Regarder-la-video--700x525.webp 700w, https:\/\/conteneo.store\/wp-content\/uploads\/2025\/09\/Pass-CRGA.0002-Unite-de-controle-dacces-aux-evenements-OCCASION-Regarder-la-video--150x113.webp 150w, https:\/\/conteneo.store\/wp-content\/uploads\/2025\/09\/Pass-CRGA.0002-Unite-de-controle-dacces-aux-evenements-OCCASION-Regarder-la-video-.webp 1024w\" sizes=\"auto, (max-width: 430px) 100vw, 430px\" \/><\/div>\n\t\t\t\t\t<div class=\"wc-block-grid__product-title\">Pass CRGA.0002 Unit\u00e9 de contr\u00f4le d\u2019acc\u00e8s aux \u00e9v\u00e9nements OCCASION \u00a0\u00bb Regarder la vid\u00e9o \u00a0\u00bb<\/div>\n\t\t\t\t<\/a>\n\t\t\t\t<div class=\"wc-block-grid__product-price price\"><del aria-hidden=\"true\"><span class=\"woocommerce-Price-amount amount\"><span class=\"woocommerce-Price-currencySymbol\">&#036;<\/span>2,000,000.00<\/span><\/del> <span class=\"screen-reader-text\">Le prix initial \u00e9tait\u00a0: &#036;2,000,000.00.<\/span><ins aria-hidden=\"true\"><span class=\"woocommerce-Price-amount amount\"><span class=\"woocommerce-Price-currencySymbol\">&#036;<\/span>1,300,000.00<\/span><\/ins><span class=\"screen-reader-text\">Le prix actuel est\u00a0: &#036;1,300,000.00.<\/span><\/div>\n\t\t\t\t\n\t\t\t\t<div class=\"wp-block-button wc-block-grid__product-add-to-cart\"><a href=\"?add-to-cart=7440\" aria-label=\"Ajouter au panier\u00a0: &ldquo;Pass CRGA.0002 Unit\u00e9 de contr\u00f4le d\u2019acc\u00e8s aux \u00e9v\u00e9nements OCCASION &#039;&#039; Regarder la vid\u00e9o &#039;&#039;&rdquo;\" data-quantity=\"1\" data-product_id=\"7440\" data-product_sku=\"MB332030\" data-price=\"1300000\" rel=\"nofollow\" class=\"wp-block-button__link  add_to_cart_button ajax_add_to_cart\">Ajouter au panier<\/a><\/div>\n\t\t\t<\/li><li class=\"wc-block-grid__product\">\n\t\t\t\t<a href=\"https:\/\/conteneo.store\/index.php\/produit\/conteneur-sanitaire-6-x-wc-lavabo-240x600\/\" class=\"wc-block-grid__product-link\">\n\t\t\t\t\t<div class=\"wc-block-grid__product-onsale\">\n\t\t\t<span aria-hidden=\"true\">Promo<\/span>\n\t\t\t<span class=\"screen-reader-text\">Produit en promotion<\/span>\n\t\t<\/div>\n\t\t\t\t\t<div class=\"wc-block-grid__product-image\"><img loading=\"lazy\" decoding=\"async\" width=\"430\" height=\"323\" src=\"https:\/\/conteneo.store\/wp-content\/uploads\/2025\/09\/Conteneur-sanitaire-6-x-WC-lavabo-240x600-1-430x323.webp\" class=\"attachment-woocommerce_thumbnail size-woocommerce_thumbnail\" alt=\"Conteneur sanitaire, 6 x (WC + lavabo) 240x600\" srcset=\"https:\/\/conteneo.store\/wp-content\/uploads\/2025\/09\/Conteneur-sanitaire-6-x-WC-lavabo-240x600-1-430x323.webp 430w, https:\/\/conteneo.store\/wp-content\/uploads\/2025\/09\/Conteneur-sanitaire-6-x-WC-lavabo-240x600-1-400x300.webp 400w, https:\/\/conteneo.store\/wp-content\/uploads\/2025\/09\/Conteneur-sanitaire-6-x-WC-lavabo-240x600-1-768x576.webp 768w, https:\/\/conteneo.store\/wp-content\/uploads\/2025\/09\/Conteneur-sanitaire-6-x-WC-lavabo-240x600-1-700x525.webp 700w, https:\/\/conteneo.store\/wp-content\/uploads\/2025\/09\/Conteneur-sanitaire-6-x-WC-lavabo-240x600-1-150x113.webp 150w, https:\/\/conteneo.store\/wp-content\/uploads\/2025\/09\/Conteneur-sanitaire-6-x-WC-lavabo-240x600-1.webp 800w\" sizes=\"auto, (max-width: 430px) 100vw, 430px\" \/><\/div>\n\t\t\t\t\t<div class=\"wc-block-grid__product-title\">Conteneur sanitaire, 6 x (WC + lavabo) 240&#215;600<\/div>\n\t\t\t\t<\/a>\n\t\t\t\t<div class=\"wc-block-grid__product-price price\"><del aria-hidden=\"true\"><span class=\"woocommerce-Price-amount amount\"><span class=\"woocommerce-Price-currencySymbol\">&#036;<\/span>420,000.00<\/span><\/del> <span class=\"screen-reader-text\">Le prix initial \u00e9tait\u00a0: &#036;420,000.00.<\/span><ins aria-hidden=\"true\"><span class=\"woocommerce-Price-amount amount\"><span class=\"woocommerce-Price-currencySymbol\">&#036;<\/span>336,000.00<\/span><\/ins><span class=\"screen-reader-text\">Le prix actuel est\u00a0: &#036;336,000.00.<\/span><\/div>\n\t\t\t\t\n\t\t\t\t<div class=\"wp-block-button wc-block-grid__product-add-to-cart\"><a href=\"?add-to-cart=7414\" aria-label=\"Ajouter au panier\u00a0: &ldquo;Conteneur sanitaire, 6 x (WC + lavabo) 240x600&rdquo;\" data-quantity=\"1\" data-product_id=\"7414\" data-product_sku=\"MB430400\" data-price=\"336000\" rel=\"nofollow\" class=\"wp-block-button__link  add_to_cart_button ajax_add_to_cart\">Ajouter au panier<\/a><\/div>\n\t\t\t<\/li><li class=\"wc-block-grid__product\">\n\t\t\t\t<a href=\"https:\/\/conteneo.store\/index.php\/produit\/conteneur-sanitaire-6-unites-douche-lavabo-conteneur-de-douche-240-x-600-neuf\/\" class=\"wc-block-grid__product-link\">\n\t\t\t\t\t<div class=\"wc-block-grid__product-onsale\">\n\t\t\t<span aria-hidden=\"true\">Promo<\/span>\n\t\t\t<span class=\"screen-reader-text\">Produit en promotion<\/span>\n\t\t<\/div>\n\t\t\t\t\t<div class=\"wc-block-grid__product-image\"><img loading=\"lazy\" decoding=\"async\" width=\"430\" height=\"337\" src=\"https:\/\/conteneo.store\/wp-content\/uploads\/2025\/09\/Conteneur-sanitaire-6-unites-douche-lavabo-_-Conteneur-de-douche-240-x-600-neuf-430x337.webp\" class=\"attachment-woocommerce_thumbnail size-woocommerce_thumbnail\" alt=\"Conteneur sanitaire, 6 unit\u00e9s (douche + lavabo) | Conteneur de douche 240 x 600, neuf\" srcset=\"https:\/\/conteneo.store\/wp-content\/uploads\/2025\/09\/Conteneur-sanitaire-6-unites-douche-lavabo-_-Conteneur-de-douche-240-x-600-neuf-430x337.webp 430w, https:\/\/conteneo.store\/wp-content\/uploads\/2025\/09\/Conteneur-sanitaire-6-unites-douche-lavabo-_-Conteneur-de-douche-240-x-600-neuf-383x300.webp 383w, https:\/\/conteneo.store\/wp-content\/uploads\/2025\/09\/Conteneur-sanitaire-6-unites-douche-lavabo-_-Conteneur-de-douche-240-x-600-neuf-768x602.webp 768w, https:\/\/conteneo.store\/wp-content\/uploads\/2025\/09\/Conteneur-sanitaire-6-unites-douche-lavabo-_-Conteneur-de-douche-240-x-600-neuf-700x549.webp 700w, https:\/\/conteneo.store\/wp-content\/uploads\/2025\/09\/Conteneur-sanitaire-6-unites-douche-lavabo-_-Conteneur-de-douche-240-x-600-neuf-150x118.webp 150w, https:\/\/conteneo.store\/wp-content\/uploads\/2025\/09\/Conteneur-sanitaire-6-unites-douche-lavabo-_-Conteneur-de-douche-240-x-600-neuf.webp 800w\" sizes=\"auto, (max-width: 430px) 100vw, 430px\" \/><\/div>\n\t\t\t\t\t<div class=\"wc-block-grid__product-title\">Conteneur sanitaire, 6 unit\u00e9s (douche + lavabo) | Conteneur de douche 240 x 600, neuf<\/div>\n\t\t\t\t<\/a>\n\t\t\t\t<div class=\"wc-block-grid__product-price price\"><del aria-hidden=\"true\"><span class=\"woocommerce-Price-amount amount\"><span class=\"woocommerce-Price-currencySymbol\">&#036;<\/span>430,000.00<\/span><\/del> <span class=\"screen-reader-text\">Le prix initial \u00e9tait\u00a0: &#036;430,000.00.<\/span><ins aria-hidden=\"true\"><span class=\"woocommerce-Price-amount amount\"><span class=\"woocommerce-Price-currencySymbol\">&#036;<\/span>344,000.00<\/span><\/ins><span class=\"screen-reader-text\">Le prix actuel est\u00a0: &#036;344,000.00.<\/span><\/div>\n\t\t\t\t\n\t\t\t\t<div class=\"wp-block-button wc-block-grid__product-add-to-cart\"><a href=\"?add-to-cart=7413\" aria-label=\"Ajouter au panier\u00a0: &ldquo;Conteneur sanitaire, 6 unit\u00e9s (douche + lavabo) | Conteneur de douche 240 x 600, neuf&rdquo;\" data-quantity=\"1\" data-product_id=\"7413\" data-product_sku=\"MB430600\" data-price=\"344000\" rel=\"nofollow\" class=\"wp-block-button__link  add_to_cart_button ajax_add_to_cart\">Ajouter au panier<\/a><\/div>\n\t\t\t<\/li><li class=\"wc-block-grid__product\">\n\t\t\t\t<a href=\"https:\/\/conteneo.store\/index.php\/produit\/conteneur-sanitaire-sun-container-conteneur-wc-conteneur-douche-conteneur-wc-conteneur-wc-double\/\" class=\"wc-block-grid__product-link\">\n\t\t\t\t\t<div class=\"wc-block-grid__product-onsale\">\n\t\t\t<span aria-hidden=\"true\">Promo<\/span>\n\t\t\t<span class=\"screen-reader-text\">Produit en promotion<\/span>\n\t\t<\/div>\n\t\t\t\t\t<div class=\"wc-block-grid__product-image\"><img loading=\"lazy\" decoding=\"async\" width=\"430\" height=\"323\" src=\"https:\/\/conteneo.store\/wp-content\/uploads\/2025\/09\/Conteneur-sanitaire-Sun-Container-_-Conteneur-WC-_-Conteneur-douche-_-Conteneur-WC-_-Conteneur-WC-double-430x323.webp\" class=\"attachment-woocommerce_thumbnail size-woocommerce_thumbnail\" alt=\"Conteneur sanitaire Sun Container | Conteneur WC | Conteneur douche | Conteneur WC | Conteneur WC double\" srcset=\"https:\/\/conteneo.store\/wp-content\/uploads\/2025\/09\/Conteneur-sanitaire-Sun-Container-_-Conteneur-WC-_-Conteneur-douche-_-Conteneur-WC-_-Conteneur-WC-double-430x323.webp 430w, https:\/\/conteneo.store\/wp-content\/uploads\/2025\/09\/Conteneur-sanitaire-Sun-Container-_-Conteneur-WC-_-Conteneur-douche-_-Conteneur-WC-_-Conteneur-WC-double-400x300.webp 400w, https:\/\/conteneo.store\/wp-content\/uploads\/2025\/09\/Conteneur-sanitaire-Sun-Container-_-Conteneur-WC-_-Conteneur-douche-_-Conteneur-WC-_-Conteneur-WC-double-768x576.webp 768w, https:\/\/conteneo.store\/wp-content\/uploads\/2025\/09\/Conteneur-sanitaire-Sun-Container-_-Conteneur-WC-_-Conteneur-douche-_-Conteneur-WC-_-Conteneur-WC-double-700x525.webp 700w, https:\/\/conteneo.store\/wp-content\/uploads\/2025\/09\/Conteneur-sanitaire-Sun-Container-_-Conteneur-WC-_-Conteneur-douche-_-Conteneur-WC-_-Conteneur-WC-double-150x113.webp 150w, https:\/\/conteneo.store\/wp-content\/uploads\/2025\/09\/Conteneur-sanitaire-Sun-Container-_-Conteneur-WC-_-Conteneur-douche-_-Conteneur-WC-_-Conteneur-WC-double.webp 800w\" sizes=\"auto, (max-width: 430px) 100vw, 430px\" \/><\/div>\n\t\t\t\t\t<div class=\"wc-block-grid__product-title\">Conteneur sanitaire Sun Container | Conteneur WC | Conteneur douche | Conteneur WC | Conteneur WC double<\/div>\n\t\t\t\t<\/a>\n\t\t\t\t<div class=\"wc-block-grid__product-price price\"><del aria-hidden=\"true\"><span class=\"woocommerce-Price-amount amount\"><span class=\"woocommerce-Price-currencySymbol\">&#036;<\/span>290,000.00<\/span><\/del> <span class=\"screen-reader-text\">Le prix initial \u00e9tait\u00a0: &#036;290,000.00.<\/span><ins aria-hidden=\"true\"><span class=\"woocommerce-Price-amount amount\"><span class=\"woocommerce-Price-currencySymbol\">&#036;<\/span>232,000.00<\/span><\/ins><span class=\"screen-reader-text\">Le prix actuel est\u00a0: &#036;232,000.00.<\/span><\/div>\n\t\t\t\t\n\t\t\t\t<div class=\"wp-block-button wc-block-grid__product-add-to-cart\"><a href=\"?add-to-cart=7412\" aria-label=\"Ajouter au panier\u00a0: &ldquo;Conteneur sanitaire Sun Container | Conteneur WC | Conteneur douche | Conteneur WC | Conteneur WC double&rdquo;\" data-quantity=\"1\" data-product_id=\"7412\" data-product_sku=\"MB430700\" data-price=\"232000\" rel=\"nofollow\" class=\"wp-block-button__link  add_to_cart_button ajax_add_to_cart\">Ajouter au panier<\/a><\/div>\n\t\t\t<\/li><\/ul><\/div><\/div>\n<\/div>\n","protected":false},"excerpt":{"rendered":"\u00c7a peut vous int\u00e9resser... Votre panier est actuellement vide\u00a0! Nouveau dans la boutique","protected":false},"author":1,"featured_media":0,"parent":0,"menu_order":0,"comment_status":"closed","ping_status":"closed","template":"","meta":{"footnotes":""},"class_list":["post-9","page","type-page","status-publish","hentry"],"yoast_head":"<!-- This site is optimized with the Yoast SEO plugin v25.3.1 - https:\/\/yoast.com\/wordpress\/plugins\/seo\/ -->\n<title>Panier - Sp\u00e9cialiste de la vente de containers maritime<\/title>\n<meta name=\"robots\" content=\"index, follow, max-snippet:-1, max-image-preview:large, max-video-preview:-1\" \/>\n<link rel=\"canonical\" href=\"https:\/\/conteneo.store\/index.php\/panier\/\" \/>\n<meta property=\"og:locale\" content=\"fr_FR\" \/>\n<meta property=\"og:type\" content=\"article\" \/>\n<meta property=\"og:title\" content=\"Panier - Sp\u00e9cialiste de la vente de containers maritime\" \/>\n<meta property=\"og:url\" content=\"https:\/\/conteneo.store\/index.php\/panier\/\" \/>\n<meta property=\"og:site_name\" content=\"Sp\u00e9cialiste de la vente de containers maritime\" \/>\n<meta name=\"twitter:card\" content=\"summary_large_image\" \/>\n<script type=\"application\/ld+json\" class=\"yoast-schema-graph\">{\"@context\":\"https:\/\/schema.org\",\"@graph\":[{\"@type\":\"WebPage\",\"@id\":\"https:\/\/conteneo.store\/index.php\/panier\/\",\"url\":\"https:\/\/conteneo.store\/index.php\/panier\/\",\"name\":\"Panier - Sp\u00e9cialiste de la vente de containers maritime\",\"isPartOf\":{\"@id\":\"https:\/\/conteneo.store\/#website\"},\"datePublished\":\"2025-06-28T01:34:00+00:00\",\"breadcrumb\":{\"@id\":\"https:\/\/conteneo.store\/index.php\/panier\/#breadcrumb\"},\"inLanguage\":\"fr-FR\",\"potentialAction\":[{\"@type\":\"ReadAction\",\"target\":[\"https:\/\/conteneo.store\/index.php\/panier\/\"]}]},{\"@type\":\"BreadcrumbList\",\"@id\":\"https:\/\/conteneo.store\/index.php\/panier\/#breadcrumb\",\"itemListElement\":[{\"@type\":\"ListItem\",\"position\":1,\"name\":\"Accueil\",\"item\":\"https:\/\/conteneo.store\/\"},{\"@type\":\"ListItem\",\"position\":2,\"name\":\"Panier\"}]},{\"@type\":\"WebSite\",\"@id\":\"https:\/\/conteneo.store\/#website\",\"url\":\"https:\/\/conteneo.store\/\",\"name\":\"Sp\u00e9cialiste de la vente de containers maritime\",\"description\":\"\",\"potentialAction\":[{\"@type\":\"SearchAction\",\"target\":{\"@type\":\"EntryPoint\",\"urlTemplate\":\"https:\/\/conteneo.store\/?s={search_term_string}\"},\"query-input\":{\"@type\":\"PropertyValueSpecification\",\"valueRequired\":true,\"valueName\":\"search_term_string\"}}],\"inLanguage\":\"fr-FR\"}]}<\/script>\n<!-- \/ Yoast SEO plugin. -->","yoast_head_json":{"title":"Panier - Sp\u00e9cialiste de la vente de containers maritime","robots":{"index":"index","follow":"follow","max-snippet":"max-snippet:-1","max-image-preview":"max-image-preview:large","max-video-preview":"max-video-preview:-1"},"canonical":"https:\/\/conteneo.store\/index.php\/panier\/","og_locale":"fr_FR","og_type":"article","og_title":"Panier - Sp\u00e9cialiste de la vente de containers maritime","og_url":"https:\/\/conteneo.store\/index.php\/panier\/","og_site_name":"Sp\u00e9cialiste de la vente de containers maritime","twitter_card":"summary_large_image","schema":{"@context":"https:\/\/schema.org","@graph":[{"@type":"WebPage","@id":"https:\/\/conteneo.store\/index.php\/panier\/","url":"https:\/\/conteneo.store\/index.php\/panier\/","name":"Panier - Sp\u00e9cialiste de la vente de containers maritime","isPartOf":{"@id":"https:\/\/conteneo.store\/#website"},"datePublished":"2025-06-28T01:34:00+00:00","breadcrumb":{"@id":"https:\/\/conteneo.store\/index.php\/panier\/#breadcrumb"},"inLanguage":"fr-FR","potentialAction":[{"@type":"ReadAction","target":["https:\/\/conteneo.store\/index.php\/panier\/"]}]},{"@type":"BreadcrumbList","@id":"https:\/\/conteneo.store\/index.php\/panier\/#breadcrumb","itemListElement":[{"@type":"ListItem","position":1,"name":"Accueil","item":"https:\/\/conteneo.store\/"},{"@type":"ListItem","position":2,"name":"Panier"}]},{"@type":"WebSite","@id":"https:\/\/conteneo.store\/#website","url":"https:\/\/conteneo.store\/","name":"Sp\u00e9cialiste de la vente de containers maritime","description":"","potentialAction":[{"@type":"SearchAction","target":{"@type":"EntryPoint","urlTemplate":"https:\/\/conteneo.store\/?s={search_term_string}"},"query-input":{"@type":"PropertyValueSpecification","valueRequired":true,"valueName":"search_term_string"}}],"inLanguage":"fr-FR"}]}},"_links":{"self":[{"href":"https:\/\/conteneo.store\/index.php\/wp-json\/wp\/v2\/pages\/9","targetHints":{"allow":["GET"]}}],"collection":[{"href":"https:\/\/conteneo.store\/index.php\/wp-json\/wp\/v2\/pages"}],"about":[{"href":"https:\/\/conteneo.store\/index.php\/wp-json\/wp\/v2\/types\/page"}],"author":[{"embeddable":true,"href":"https:\/\/conteneo.store\/index.php\/wp-json\/wp\/v2\/users\/1"}],"replies":[{"embeddable":true,"href":"https:\/\/conteneo.store\/index.php\/wp-json\/wp\/v2\/comments?post=9"}],"version-history":[{"count":0,"href":"https:\/\/conteneo.store\/index.php\/wp-json\/wp\/v2\/pages\/9\/revisions"}],"wp:attachment":[{"href":"https:\/\/conteneo.store\/index.php\/wp-json\/wp\/v2\/media?parent=9"}],"curies":[{"name":"wp","href":"https:\/\/api.w.org\/{rel}","templated":true}]}}