{"id":7048,"date":"2025-09-17T12:58:37","date_gmt":"2025-09-17T12:58:37","guid":{"rendered":"https:\/\/conteneo.store\/?post_type=product&#038;p=7048"},"modified":"2025-09-17T12:59:22","modified_gmt":"2025-09-17T12:59:22","slug":"2025-rhino-cross-containers-conteneur-dexpedition-de-20-pieds-avec-porte-roulante","status":"publish","type":"product","link":"https:\/\/conteneo.store\/index.php\/produit\/2025-rhino-cross-containers-conteneur-dexpedition-de-20-pieds-avec-porte-roulante\/","title":{"rendered":"2025 Rhino-Cross-Containers Conteneur d\u2019exp\u00e9dition de 20 pieds avec porte roulante"},"content":{"rendered":"<p dir=\"ltr\"><a href=\"https:\/\/conteneursexpress.net\/conditions-generales\/\">Conditions g\u00e9n\u00e9rales<\/a><\/p>\n<p dir=\"ltr\">Exp\u00e9dition : 7 &#8211; 10 jours ouvrables<\/p>\n","protected":false},"excerpt":{"rendered":"<p>\u00c9quip\u00e9 d\u2019une porte roulante en aluminium\u00a0; trous de cuill\u00e8re\u00a0; RAL 9005\u00a0; inutilis\u00e9<br \/>\nMarque<br \/>\nRhino-Cross-Containers<br \/>\nType<br \/>\n20ft<br \/>\nAnn\u00e9e<br \/>\n2025<br \/>\nLongueur (pieds)<br \/>\n20<br \/>\nLongueur totale<br \/>\n5950mm<br \/>\nLargeur totale<br \/>\n2230mm<br \/>\nHauteur totale<br \/>\n2510mm<\/p>\n","protected":false},"featured_media":7122,"comment_status":"open","ping_status":"closed","template":"","meta":[],"product_brand":[],"product_cat":[75],"product_tag":[],"class_list":{"0":"post-7048","1":"product","2":"type-product","3":"status-publish","4":"has-post-thumbnail","6":"product_cat-conteneurs-20-pieds","8":"first","9":"instock","10":"sale","11":"shipping-taxable","12":"purchasable","13":"product-type-simple"},"yoast_head":"<!-- This site is optimized with the Yoast SEO plugin v25.3.1 - https:\/\/yoast.com\/wordpress\/plugins\/seo\/ -->\n<title>2025 Rhino-Cross-Containers Conteneur d\u2019exp\u00e9dition de 20 pieds avec porte roulante - Sp\u00e9cialiste de la vente de containers maritime<\/title>\n<meta name=\"robots\" content=\"index, follow, max-snippet:-1, max-image-preview:large, max-video-preview:-1\" \/>\n<link rel=\"canonical\" href=\"https:\/\/conteneo.store\/index.php\/produit\/2025-rhino-cross-containers-conteneur-dexpedition-de-20-pieds-avec-porte-roulante\/\" \/>\n<meta property=\"og:locale\" content=\"fr_FR\" \/>\n<meta property=\"og:type\" content=\"article\" \/>\n<meta property=\"og:title\" content=\"2025 Rhino-Cross-Containers Conteneur d\u2019exp\u00e9dition de 20 pieds avec porte roulante - Sp\u00e9cialiste de la vente de containers maritime\" \/>\n<meta property=\"og:description\" content=\"\u00c9quip\u00e9 d\u2019une porte roulante en aluminium\u00a0; trous de cuill\u00e8re\u00a0; RAL 9005\u00a0; inutilis\u00e9 Marque Rhino-Cross-Containers Type 20ft Ann\u00e9e 2025 Longueur (pieds) 20 Longueur totale 5950mm Largeur totale 2230mm Hauteur totale 2510mm\" \/>\n<meta property=\"og:url\" content=\"https:\/\/conteneo.store\/index.php\/produit\/2025-rhino-cross-containers-conteneur-dexpedition-de-20-pieds-avec-porte-roulante\/\" \/>\n<meta property=\"og:site_name\" content=\"Sp\u00e9cialiste de la vente de containers maritime\" \/>\n<meta property=\"article:modified_time\" content=\"2025-09-17T12:59:22+00:00\" \/>\n<meta name=\"twitter:card\" content=\"summary_large_image\" \/>\n<script type=\"application\/ld+json\" class=\"yoast-schema-graph\">{\"@context\":\"https:\/\/schema.org\",\"@graph\":[{\"@type\":\"WebPage\",\"@id\":\"https:\/\/conteneo.store\/index.php\/produit\/2025-rhino-cross-containers-conteneur-dexpedition-de-20-pieds-avec-porte-roulante\/\",\"url\":\"https:\/\/conteneo.store\/index.php\/produit\/2025-rhino-cross-containers-conteneur-dexpedition-de-20-pieds-avec-porte-roulante\/\",\"name\":\"2025 Rhino-Cross-Containers Conteneur d\u2019exp\u00e9dition de 20 pieds avec porte roulante - Sp\u00e9cialiste de la vente de containers maritime\",\"isPartOf\":{\"@id\":\"https:\/\/conteneo.store\/#website\"},\"primaryImageOfPage\":{\"@id\":\"https:\/\/conteneo.store\/index.php\/produit\/2025-rhino-cross-containers-conteneur-dexpedition-de-20-pieds-avec-porte-roulante\/#primaryimage\"},\"image\":{\"@id\":\"https:\/\/conteneo.store\/index.php\/produit\/2025-rhino-cross-containers-conteneur-dexpedition-de-20-pieds-avec-porte-roulante\/#primaryimage\"},\"thumbnailUrl\":\"https:\/\/conteneo.store\/wp-content\/uploads\/2025\/09\/2025-Rhino-Cross-Containers-Conteneur-dexpedition-de-20-pieds-avec-porte-roulante.webp\",\"datePublished\":\"2025-09-17T12:58:37+00:00\",\"dateModified\":\"2025-09-17T12:59:22+00:00\",\"breadcrumb\":{\"@id\":\"https:\/\/conteneo.store\/index.php\/produit\/2025-rhino-cross-containers-conteneur-dexpedition-de-20-pieds-avec-porte-roulante\/#breadcrumb\"},\"inLanguage\":\"fr-FR\",\"potentialAction\":[{\"@type\":\"ReadAction\",\"target\":[\"https:\/\/conteneo.store\/index.php\/produit\/2025-rhino-cross-containers-conteneur-dexpedition-de-20-pieds-avec-porte-roulante\/\"]}]},{\"@type\":\"ImageObject\",\"inLanguage\":\"fr-FR\",\"@id\":\"https:\/\/conteneo.store\/index.php\/produit\/2025-rhino-cross-containers-conteneur-dexpedition-de-20-pieds-avec-porte-roulante\/#primaryimage\",\"url\":\"https:\/\/conteneo.store\/wp-content\/uploads\/2025\/09\/2025-Rhino-Cross-Containers-Conteneur-dexpedition-de-20-pieds-avec-porte-roulante.webp\",\"contentUrl\":\"https:\/\/conteneo.store\/wp-content\/uploads\/2025\/09\/2025-Rhino-Cross-Containers-Conteneur-dexpedition-de-20-pieds-avec-porte-roulante.webp\",\"width\":768,\"height\":576},{\"@type\":\"BreadcrumbList\",\"@id\":\"https:\/\/conteneo.store\/index.php\/produit\/2025-rhino-cross-containers-conteneur-dexpedition-de-20-pieds-avec-porte-roulante\/#breadcrumb\",\"itemListElement\":[{\"@type\":\"ListItem\",\"position\":1,\"name\":\"Accueil\",\"item\":\"https:\/\/conteneo.store\/\"},{\"@type\":\"ListItem\",\"position\":2,\"name\":\"Boutique\",\"item\":\"https:\/\/conteneo.store\/index.php\/boutique\/\"},{\"@type\":\"ListItem\",\"position\":3,\"name\":\"2025 Rhino-Cross-Containers Conteneur d\u2019exp\u00e9dition de 20 pieds avec porte roulante\"}]},{\"@type\":\"WebSite\",\"@id\":\"https:\/\/conteneo.store\/#website\",\"url\":\"https:\/\/conteneo.store\/\",\"name\":\"Sp\u00e9cialiste de la vente de containers maritime\",\"description\":\"\",\"potentialAction\":[{\"@type\":\"SearchAction\",\"target\":{\"@type\":\"EntryPoint\",\"urlTemplate\":\"https:\/\/conteneo.store\/?s={search_term_string}\"},\"query-input\":{\"@type\":\"PropertyValueSpecification\",\"valueRequired\":true,\"valueName\":\"search_term_string\"}}],\"inLanguage\":\"fr-FR\"}]}<\/script>\n<!-- \/ Yoast SEO plugin. -->","yoast_head_json":{"title":"2025 Rhino-Cross-Containers Conteneur d\u2019exp\u00e9dition de 20 pieds avec porte roulante - Sp\u00e9cialiste de la vente de containers maritime","robots":{"index":"index","follow":"follow","max-snippet":"max-snippet:-1","max-image-preview":"max-image-preview:large","max-video-preview":"max-video-preview:-1"},"canonical":"https:\/\/conteneo.store\/index.php\/produit\/2025-rhino-cross-containers-conteneur-dexpedition-de-20-pieds-avec-porte-roulante\/","og_locale":"fr_FR","og_type":"article","og_title":"2025 Rhino-Cross-Containers Conteneur d\u2019exp\u00e9dition de 20 pieds avec porte roulante - Sp\u00e9cialiste de la vente de containers maritime","og_description":"\u00c9quip\u00e9 d\u2019une porte roulante en aluminium\u00a0; trous de cuill\u00e8re\u00a0; RAL 9005\u00a0; inutilis\u00e9 Marque Rhino-Cross-Containers Type 20ft Ann\u00e9e 2025 Longueur (pieds) 20 Longueur totale 5950mm Largeur totale 2230mm Hauteur totale 2510mm","og_url":"https:\/\/conteneo.store\/index.php\/produit\/2025-rhino-cross-containers-conteneur-dexpedition-de-20-pieds-avec-porte-roulante\/","og_site_name":"Sp\u00e9cialiste de la vente de containers maritime","article_modified_time":"2025-09-17T12:59:22+00:00","twitter_card":"summary_large_image","schema":{"@context":"https:\/\/schema.org","@graph":[{"@type":"WebPage","@id":"https:\/\/conteneo.store\/index.php\/produit\/2025-rhino-cross-containers-conteneur-dexpedition-de-20-pieds-avec-porte-roulante\/","url":"https:\/\/conteneo.store\/index.php\/produit\/2025-rhino-cross-containers-conteneur-dexpedition-de-20-pieds-avec-porte-roulante\/","name":"2025 Rhino-Cross-Containers Conteneur d\u2019exp\u00e9dition de 20 pieds avec porte roulante - Sp\u00e9cialiste de la vente de containers maritime","isPartOf":{"@id":"https:\/\/conteneo.store\/#website"},"primaryImageOfPage":{"@id":"https:\/\/conteneo.store\/index.php\/produit\/2025-rhino-cross-containers-conteneur-dexpedition-de-20-pieds-avec-porte-roulante\/#primaryimage"},"image":{"@id":"https:\/\/conteneo.store\/index.php\/produit\/2025-rhino-cross-containers-conteneur-dexpedition-de-20-pieds-avec-porte-roulante\/#primaryimage"},"thumbnailUrl":"https:\/\/conteneo.store\/wp-content\/uploads\/2025\/09\/2025-Rhino-Cross-Containers-Conteneur-dexpedition-de-20-pieds-avec-porte-roulante.webp","datePublished":"2025-09-17T12:58:37+00:00","dateModified":"2025-09-17T12:59:22+00:00","breadcrumb":{"@id":"https:\/\/conteneo.store\/index.php\/produit\/2025-rhino-cross-containers-conteneur-dexpedition-de-20-pieds-avec-porte-roulante\/#breadcrumb"},"inLanguage":"fr-FR","potentialAction":[{"@type":"ReadAction","target":["https:\/\/conteneo.store\/index.php\/produit\/2025-rhino-cross-containers-conteneur-dexpedition-de-20-pieds-avec-porte-roulante\/"]}]},{"@type":"ImageObject","inLanguage":"fr-FR","@id":"https:\/\/conteneo.store\/index.php\/produit\/2025-rhino-cross-containers-conteneur-dexpedition-de-20-pieds-avec-porte-roulante\/#primaryimage","url":"https:\/\/conteneo.store\/wp-content\/uploads\/2025\/09\/2025-Rhino-Cross-Containers-Conteneur-dexpedition-de-20-pieds-avec-porte-roulante.webp","contentUrl":"https:\/\/conteneo.store\/wp-content\/uploads\/2025\/09\/2025-Rhino-Cross-Containers-Conteneur-dexpedition-de-20-pieds-avec-porte-roulante.webp","width":768,"height":576},{"@type":"BreadcrumbList","@id":"https:\/\/conteneo.store\/index.php\/produit\/2025-rhino-cross-containers-conteneur-dexpedition-de-20-pieds-avec-porte-roulante\/#breadcrumb","itemListElement":[{"@type":"ListItem","position":1,"name":"Accueil","item":"https:\/\/conteneo.store\/"},{"@type":"ListItem","position":2,"name":"Boutique","item":"https:\/\/conteneo.store\/index.php\/boutique\/"},{"@type":"ListItem","position":3,"name":"2025 Rhino-Cross-Containers Conteneur d\u2019exp\u00e9dition de 20 pieds avec porte roulante"}]},{"@type":"WebSite","@id":"https:\/\/conteneo.store\/#website","url":"https:\/\/conteneo.store\/","name":"Sp\u00e9cialiste de la vente de containers maritime","description":"","potentialAction":[{"@type":"SearchAction","target":{"@type":"EntryPoint","urlTemplate":"https:\/\/conteneo.store\/?s={search_term_string}"},"query-input":{"@type":"PropertyValueSpecification","valueRequired":true,"valueName":"search_term_string"}}],"inLanguage":"fr-FR"}]}},"_links":{"self":[{"href":"https:\/\/conteneo.store\/index.php\/wp-json\/wp\/v2\/product\/7048","targetHints":{"allow":["GET"]}}],"collection":[{"href":"https:\/\/conteneo.store\/index.php\/wp-json\/wp\/v2\/product"}],"about":[{"href":"https:\/\/conteneo.store\/index.php\/wp-json\/wp\/v2\/types\/product"}],"replies":[{"embeddable":true,"href":"https:\/\/conteneo.store\/index.php\/wp-json\/wp\/v2\/comments?post=7048"}],"wp:featuredmedia":[{"embeddable":true,"href":"https:\/\/conteneo.store\/index.php\/wp-json\/wp\/v2\/media\/7122"}],"wp:attachment":[{"href":"https:\/\/conteneo.store\/index.php\/wp-json\/wp\/v2\/media?parent=7048"}],"wp:term":[{"taxonomy":"product_brand","embeddable":true,"href":"https:\/\/conteneo.store\/index.php\/wp-json\/wp\/v2\/product_brand?post=7048"},{"taxonomy":"product_cat","embeddable":true,"href":"https:\/\/conteneo.store\/index.php\/wp-json\/wp\/v2\/product_cat?post=7048"},{"taxonomy":"product_tag","embeddable":true,"href":"https:\/\/conteneo.store\/index.php\/wp-json\/wp\/v2\/product_tag?post=7048"}],"curies":[{"name":"wp","href":"https:\/\/api.w.org\/{rel}","templated":true}]}}