{"id":7056,"date":"2025-09-17T12:58:38","date_gmt":"2025-09-17T12:58:38","guid":{"rendered":"https:\/\/conteneo.store\/?post_type=product&#038;p=7056"},"modified":"2025-09-17T12:59:48","modified_gmt":"2025-09-17T12:59:48","slug":"2025-rhino-cross-containers-conteneur-dexpedition-noir-high-cube-de-40-pieds-avec-4-portes-laterales","status":"publish","type":"product","link":"https:\/\/conteneo.store\/index.php\/produit\/2025-rhino-cross-containers-conteneur-dexpedition-noir-high-cube-de-40-pieds-avec-4-portes-laterales\/","title":{"rendered":"2025 Rhino-Cross-Containers Conteneur d\u2019exp\u00e9dition noir High Cube de 40 pieds avec 4 portes lat\u00e9rales"},"content":{"rendered":"<p><a href=\"https:\/\/conteneursexpress.net\/conditions-generales\/\"><span style=\"font-weight: 400;\">Conditions g\u00e9n\u00e9rales<\/span><\/a><\/p>\n<p><span style=\"font-weight: 400;\">Exp\u00e9dition : 7 &#8211; 10 jours ouvrables<\/span><\/p>\n","protected":false},"excerpt":{"rendered":"<p>\u00c9quip\u00e9 de 4 portes lat\u00e9rales \u00e0 ouverture s\u00e9par\u00e9e et d\u2019une porte d\u2019extr\u00e9mit\u00e9\u00a0; bo\u00eetier de serrure\u00a0; capacit\u00e9 de charge maximale 24 tonnes\u00a0; inutilis\u00e9<br \/>\nMarque<br \/>\nRhino-Cross-Containers<br \/>\nType<br \/>\n40 ft High Cube Zwart<br \/>\nAnn\u00e9e<br \/>\n2025<br \/>\nLongueur (pieds)<br \/>\n40<br \/>\nHors normes<br \/>\nOui<br \/>\nPoids individuel<br \/>\n4260kg<br \/>\nLongueur totale<br \/>\n12192mm<br \/>\nLargeur totale<br \/>\n2438mm<br \/>\nHauteur totale<br \/>\n2896mm<\/p>\n","protected":false},"featured_media":7170,"comment_status":"open","ping_status":"closed","template":"","meta":[],"product_brand":[],"product_cat":[77],"product_tag":[],"class_list":{"0":"post-7056","1":"product","2":"type-product","3":"status-publish","4":"has-post-thumbnail","6":"product_cat-conteneurs-40-pieds","8":"first","9":"instock","10":"sale","11":"shipping-taxable","12":"purchasable","13":"product-type-simple"},"yoast_head":"<!-- This site is optimized with the Yoast SEO plugin v25.3.1 - https:\/\/yoast.com\/wordpress\/plugins\/seo\/ -->\n<title>2025 Rhino-Cross-Containers Conteneur d\u2019exp\u00e9dition noir High Cube de 40 pieds avec 4 portes lat\u00e9rales - Sp\u00e9cialiste de la vente de containers maritime<\/title>\n<meta name=\"robots\" content=\"index, follow, max-snippet:-1, max-image-preview:large, max-video-preview:-1\" \/>\n<link rel=\"canonical\" href=\"https:\/\/conteneo.store\/index.php\/produit\/2025-rhino-cross-containers-conteneur-dexpedition-noir-high-cube-de-40-pieds-avec-4-portes-laterales\/\" \/>\n<meta property=\"og:locale\" content=\"fr_FR\" \/>\n<meta property=\"og:type\" content=\"article\" \/>\n<meta property=\"og:title\" content=\"2025 Rhino-Cross-Containers Conteneur d\u2019exp\u00e9dition noir High Cube de 40 pieds avec 4 portes lat\u00e9rales - Sp\u00e9cialiste de la vente de containers maritime\" \/>\n<meta property=\"og:description\" content=\"\u00c9quip\u00e9 de 4 portes lat\u00e9rales \u00e0 ouverture s\u00e9par\u00e9e et d\u2019une porte d\u2019extr\u00e9mit\u00e9\u00a0; bo\u00eetier de serrure\u00a0; capacit\u00e9 de charge maximale 24 tonnes\u00a0; inutilis\u00e9 Marque Rhino-Cross-Containers Type 40 ft High Cube Zwart Ann\u00e9e 2025 Longueur (pieds) 40 Hors normes Oui Poids individuel 4260kg Longueur totale 12192mm Largeur totale 2438mm Hauteur totale 2896mm\" \/>\n<meta property=\"og:url\" content=\"https:\/\/conteneo.store\/index.php\/produit\/2025-rhino-cross-containers-conteneur-dexpedition-noir-high-cube-de-40-pieds-avec-4-portes-laterales\/\" \/>\n<meta property=\"og:site_name\" content=\"Sp\u00e9cialiste de la vente de containers maritime\" \/>\n<meta property=\"article:modified_time\" content=\"2025-09-17T12:59:48+00:00\" \/>\n<meta name=\"twitter:card\" content=\"summary_large_image\" \/>\n<script type=\"application\/ld+json\" class=\"yoast-schema-graph\">{\"@context\":\"https:\/\/schema.org\",\"@graph\":[{\"@type\":\"WebPage\",\"@id\":\"https:\/\/conteneo.store\/index.php\/produit\/2025-rhino-cross-containers-conteneur-dexpedition-noir-high-cube-de-40-pieds-avec-4-portes-laterales\/\",\"url\":\"https:\/\/conteneo.store\/index.php\/produit\/2025-rhino-cross-containers-conteneur-dexpedition-noir-high-cube-de-40-pieds-avec-4-portes-laterales\/\",\"name\":\"2025 Rhino-Cross-Containers Conteneur d\u2019exp\u00e9dition noir High Cube de 40 pieds avec 4 portes lat\u00e9rales - Sp\u00e9cialiste de la vente de containers maritime\",\"isPartOf\":{\"@id\":\"https:\/\/conteneo.store\/#website\"},\"primaryImageOfPage\":{\"@id\":\"https:\/\/conteneo.store\/index.php\/produit\/2025-rhino-cross-containers-conteneur-dexpedition-noir-high-cube-de-40-pieds-avec-4-portes-laterales\/#primaryimage\"},\"image\":{\"@id\":\"https:\/\/conteneo.store\/index.php\/produit\/2025-rhino-cross-containers-conteneur-dexpedition-noir-high-cube-de-40-pieds-avec-4-portes-laterales\/#primaryimage\"},\"thumbnailUrl\":\"https:\/\/conteneo.store\/wp-content\/uploads\/2025\/09\/2025-Rhino-Cross-Containers-Conteneur-dexpedition-noir-High-Cube-de-40-pieds-avec-4-portes-laterales.webp\",\"datePublished\":\"2025-09-17T12:58:38+00:00\",\"dateModified\":\"2025-09-17T12:59:48+00:00\",\"breadcrumb\":{\"@id\":\"https:\/\/conteneo.store\/index.php\/produit\/2025-rhino-cross-containers-conteneur-dexpedition-noir-high-cube-de-40-pieds-avec-4-portes-laterales\/#breadcrumb\"},\"inLanguage\":\"fr-FR\",\"potentialAction\":[{\"@type\":\"ReadAction\",\"target\":[\"https:\/\/conteneo.store\/index.php\/produit\/2025-rhino-cross-containers-conteneur-dexpedition-noir-high-cube-de-40-pieds-avec-4-portes-laterales\/\"]}]},{\"@type\":\"ImageObject\",\"inLanguage\":\"fr-FR\",\"@id\":\"https:\/\/conteneo.store\/index.php\/produit\/2025-rhino-cross-containers-conteneur-dexpedition-noir-high-cube-de-40-pieds-avec-4-portes-laterales\/#primaryimage\",\"url\":\"https:\/\/conteneo.store\/wp-content\/uploads\/2025\/09\/2025-Rhino-Cross-Containers-Conteneur-dexpedition-noir-High-Cube-de-40-pieds-avec-4-portes-laterales.webp\",\"contentUrl\":\"https:\/\/conteneo.store\/wp-content\/uploads\/2025\/09\/2025-Rhino-Cross-Containers-Conteneur-dexpedition-noir-High-Cube-de-40-pieds-avec-4-portes-laterales.webp\",\"width\":768,\"height\":576},{\"@type\":\"BreadcrumbList\",\"@id\":\"https:\/\/conteneo.store\/index.php\/produit\/2025-rhino-cross-containers-conteneur-dexpedition-noir-high-cube-de-40-pieds-avec-4-portes-laterales\/#breadcrumb\",\"itemListElement\":[{\"@type\":\"ListItem\",\"position\":1,\"name\":\"Accueil\",\"item\":\"https:\/\/conteneo.store\/\"},{\"@type\":\"ListItem\",\"position\":2,\"name\":\"Boutique\",\"item\":\"https:\/\/conteneo.store\/index.php\/boutique\/\"},{\"@type\":\"ListItem\",\"position\":3,\"name\":\"2025 Rhino-Cross-Containers Conteneur d\u2019exp\u00e9dition noir High Cube de 40 pieds avec 4 portes lat\u00e9rales\"}]},{\"@type\":\"WebSite\",\"@id\":\"https:\/\/conteneo.store\/#website\",\"url\":\"https:\/\/conteneo.store\/\",\"name\":\"Sp\u00e9cialiste de la vente de containers maritime\",\"description\":\"\",\"potentialAction\":[{\"@type\":\"SearchAction\",\"target\":{\"@type\":\"EntryPoint\",\"urlTemplate\":\"https:\/\/conteneo.store\/?s={search_term_string}\"},\"query-input\":{\"@type\":\"PropertyValueSpecification\",\"valueRequired\":true,\"valueName\":\"search_term_string\"}}],\"inLanguage\":\"fr-FR\"}]}<\/script>\n<!-- \/ Yoast SEO plugin. -->","yoast_head_json":{"title":"2025 Rhino-Cross-Containers Conteneur d\u2019exp\u00e9dition noir High Cube de 40 pieds avec 4 portes lat\u00e9rales - Sp\u00e9cialiste de la vente de containers maritime","robots":{"index":"index","follow":"follow","max-snippet":"max-snippet:-1","max-image-preview":"max-image-preview:large","max-video-preview":"max-video-preview:-1"},"canonical":"https:\/\/conteneo.store\/index.php\/produit\/2025-rhino-cross-containers-conteneur-dexpedition-noir-high-cube-de-40-pieds-avec-4-portes-laterales\/","og_locale":"fr_FR","og_type":"article","og_title":"2025 Rhino-Cross-Containers Conteneur d\u2019exp\u00e9dition noir High Cube de 40 pieds avec 4 portes lat\u00e9rales - Sp\u00e9cialiste de la vente de containers maritime","og_description":"\u00c9quip\u00e9 de 4 portes lat\u00e9rales \u00e0 ouverture s\u00e9par\u00e9e et d\u2019une porte d\u2019extr\u00e9mit\u00e9\u00a0; bo\u00eetier de serrure\u00a0; capacit\u00e9 de charge maximale 24 tonnes\u00a0; inutilis\u00e9 Marque Rhino-Cross-Containers Type 40 ft High Cube Zwart Ann\u00e9e 2025 Longueur (pieds) 40 Hors normes Oui Poids individuel 4260kg Longueur totale 12192mm Largeur totale 2438mm Hauteur totale 2896mm","og_url":"https:\/\/conteneo.store\/index.php\/produit\/2025-rhino-cross-containers-conteneur-dexpedition-noir-high-cube-de-40-pieds-avec-4-portes-laterales\/","og_site_name":"Sp\u00e9cialiste de la vente de containers maritime","article_modified_time":"2025-09-17T12:59:48+00:00","twitter_card":"summary_large_image","schema":{"@context":"https:\/\/schema.org","@graph":[{"@type":"WebPage","@id":"https:\/\/conteneo.store\/index.php\/produit\/2025-rhino-cross-containers-conteneur-dexpedition-noir-high-cube-de-40-pieds-avec-4-portes-laterales\/","url":"https:\/\/conteneo.store\/index.php\/produit\/2025-rhino-cross-containers-conteneur-dexpedition-noir-high-cube-de-40-pieds-avec-4-portes-laterales\/","name":"2025 Rhino-Cross-Containers Conteneur d\u2019exp\u00e9dition noir High Cube de 40 pieds avec 4 portes lat\u00e9rales - Sp\u00e9cialiste de la vente de containers maritime","isPartOf":{"@id":"https:\/\/conteneo.store\/#website"},"primaryImageOfPage":{"@id":"https:\/\/conteneo.store\/index.php\/produit\/2025-rhino-cross-containers-conteneur-dexpedition-noir-high-cube-de-40-pieds-avec-4-portes-laterales\/#primaryimage"},"image":{"@id":"https:\/\/conteneo.store\/index.php\/produit\/2025-rhino-cross-containers-conteneur-dexpedition-noir-high-cube-de-40-pieds-avec-4-portes-laterales\/#primaryimage"},"thumbnailUrl":"https:\/\/conteneo.store\/wp-content\/uploads\/2025\/09\/2025-Rhino-Cross-Containers-Conteneur-dexpedition-noir-High-Cube-de-40-pieds-avec-4-portes-laterales.webp","datePublished":"2025-09-17T12:58:38+00:00","dateModified":"2025-09-17T12:59:48+00:00","breadcrumb":{"@id":"https:\/\/conteneo.store\/index.php\/produit\/2025-rhino-cross-containers-conteneur-dexpedition-noir-high-cube-de-40-pieds-avec-4-portes-laterales\/#breadcrumb"},"inLanguage":"fr-FR","potentialAction":[{"@type":"ReadAction","target":["https:\/\/conteneo.store\/index.php\/produit\/2025-rhino-cross-containers-conteneur-dexpedition-noir-high-cube-de-40-pieds-avec-4-portes-laterales\/"]}]},{"@type":"ImageObject","inLanguage":"fr-FR","@id":"https:\/\/conteneo.store\/index.php\/produit\/2025-rhino-cross-containers-conteneur-dexpedition-noir-high-cube-de-40-pieds-avec-4-portes-laterales\/#primaryimage","url":"https:\/\/conteneo.store\/wp-content\/uploads\/2025\/09\/2025-Rhino-Cross-Containers-Conteneur-dexpedition-noir-High-Cube-de-40-pieds-avec-4-portes-laterales.webp","contentUrl":"https:\/\/conteneo.store\/wp-content\/uploads\/2025\/09\/2025-Rhino-Cross-Containers-Conteneur-dexpedition-noir-High-Cube-de-40-pieds-avec-4-portes-laterales.webp","width":768,"height":576},{"@type":"BreadcrumbList","@id":"https:\/\/conteneo.store\/index.php\/produit\/2025-rhino-cross-containers-conteneur-dexpedition-noir-high-cube-de-40-pieds-avec-4-portes-laterales\/#breadcrumb","itemListElement":[{"@type":"ListItem","position":1,"name":"Accueil","item":"https:\/\/conteneo.store\/"},{"@type":"ListItem","position":2,"name":"Boutique","item":"https:\/\/conteneo.store\/index.php\/boutique\/"},{"@type":"ListItem","position":3,"name":"2025 Rhino-Cross-Containers Conteneur d\u2019exp\u00e9dition noir High Cube de 40 pieds avec 4 portes lat\u00e9rales"}]},{"@type":"WebSite","@id":"https:\/\/conteneo.store\/#website","url":"https:\/\/conteneo.store\/","name":"Sp\u00e9cialiste de la vente de containers maritime","description":"","potentialAction":[{"@type":"SearchAction","target":{"@type":"EntryPoint","urlTemplate":"https:\/\/conteneo.store\/?s={search_term_string}"},"query-input":{"@type":"PropertyValueSpecification","valueRequired":true,"valueName":"search_term_string"}}],"inLanguage":"fr-FR"}]}},"_links":{"self":[{"href":"https:\/\/conteneo.store\/index.php\/wp-json\/wp\/v2\/product\/7056","targetHints":{"allow":["GET"]}}],"collection":[{"href":"https:\/\/conteneo.store\/index.php\/wp-json\/wp\/v2\/product"}],"about":[{"href":"https:\/\/conteneo.store\/index.php\/wp-json\/wp\/v2\/types\/product"}],"replies":[{"embeddable":true,"href":"https:\/\/conteneo.store\/index.php\/wp-json\/wp\/v2\/comments?post=7056"}],"wp:featuredmedia":[{"embeddable":true,"href":"https:\/\/conteneo.store\/index.php\/wp-json\/wp\/v2\/media\/7170"}],"wp:attachment":[{"href":"https:\/\/conteneo.store\/index.php\/wp-json\/wp\/v2\/media?parent=7056"}],"wp:term":[{"taxonomy":"product_brand","embeddable":true,"href":"https:\/\/conteneo.store\/index.php\/wp-json\/wp\/v2\/product_brand?post=7056"},{"taxonomy":"product_cat","embeddable":true,"href":"https:\/\/conteneo.store\/index.php\/wp-json\/wp\/v2\/product_cat?post=7056"},{"taxonomy":"product_tag","embeddable":true,"href":"https:\/\/conteneo.store\/index.php\/wp-json\/wp\/v2\/product_tag?post=7056"}],"curies":[{"name":"wp","href":"https:\/\/api.w.org\/{rel}","templated":true}]}}