{"id":7164,"date":"2025-09-17T12:59:37","date_gmt":"2025-09-17T12:59:37","guid":{"rendered":"https:\/\/conteneo.store\/?post_type=product&#038;p=7164"},"modified":"2025-09-17T13:37:38","modified_gmt":"2025-09-17T13:37:38","slug":"2024-unite-dhabitation-mobile-conteneur-2","status":"publish","type":"product","link":"https:\/\/conteneo.store\/index.php\/produit\/2024-unite-dhabitation-mobile-conteneur-2\/","title":{"rendered":"2024 Unit\u00e9 d\u2019habitation mobile \/ conteneur"},"content":{"rendered":"<p><a href=\"https:\/\/conteneursexpress.net\/conditions-generales\/\"><span style=\"font-weight: 400;\">Conditions g\u00e9n\u00e9rales<\/span><\/a><\/p>\n<p><span style=\"font-weight: 400;\">Exp\u00e9dition : 7 &#8211; 10 jours ouvrables<\/span><\/p>\n","protected":false},"excerpt":{"rendered":"<p><span class=\"h4-fs\">Unit\u00e9 r\u00e9sidentielle<\/span><\/p>\n<p>&nbsp;<\/p>\n<p>Longueur totale 5890mm<\/p>\n<p>Poids individuel 2650kg<\/p>\n<p>Nombre de fen\u00eatres 8<\/p>\n<p>Marque Stahlworks<\/p>\n<p>Hauteur totale 2550mm<\/p>\n<p>Ann\u00e9e 2024<\/p>\n<p>Type(15ft*20ft)<\/p>\n<p>Largeur totale 4820mm<\/p>\n<p>Informations suppl\u00e9mentaires<\/p>\n<p>Equip\u00e9 de murs et d\u2019un toit isol\u00e9s\u00a0; rev\u00eatement de sol en vinyle\u00a0; cadres en plastique avec double vitrage\u00a0; goutti\u00e8re de drainage\u00a0; plateau; verrouillable \u00e0 l\u2019aide d\u2019une cl\u00e9 et d\u2019un cylindre \u00e0 bouton\u00a0; dimensions pli\u00e9 5890x720x2550 mm (dimensions de transport)\u00a0; inutilis\u00e9<\/p>\n","protected":false},"featured_media":7328,"comment_status":"open","ping_status":"closed","template":"","meta":[],"product_brand":[],"product_cat":[79],"product_tag":[],"class_list":{"0":"post-7164","1":"product","2":"type-product","3":"status-publish","4":"has-post-thumbnail","6":"product_cat-conteneurs-dhabitation","8":"first","9":"instock","10":"sale","11":"shipping-taxable","12":"purchasable","13":"product-type-simple"},"yoast_head":"<!-- This site is optimized with the Yoast SEO plugin v25.3.1 - https:\/\/yoast.com\/wordpress\/plugins\/seo\/ -->\n<title>2024 Unit\u00e9 d\u2019habitation mobile \/ conteneur - Sp\u00e9cialiste de la vente de containers maritime<\/title>\n<meta name=\"robots\" content=\"index, follow, max-snippet:-1, max-image-preview:large, max-video-preview:-1\" \/>\n<link rel=\"canonical\" href=\"https:\/\/conteneo.store\/index.php\/produit\/2024-unite-dhabitation-mobile-conteneur-2\/\" \/>\n<meta property=\"og:locale\" content=\"fr_FR\" \/>\n<meta property=\"og:type\" content=\"article\" \/>\n<meta property=\"og:title\" content=\"2024 Unit\u00e9 d\u2019habitation mobile \/ conteneur - Sp\u00e9cialiste de la vente de containers maritime\" \/>\n<meta property=\"og:description\" content=\"Unit\u00e9 r\u00e9sidentielle  &nbsp;  Longueur totale 5890mm  Poids individuel 2650kg  Nombre de fen\u00eatres 8  Marque Stahlworks  Hauteur totale 2550mm  Ann\u00e9e 2024  Type(15ft*20ft)  Largeur totale 4820mm  Informations suppl\u00e9mentaires  Equip\u00e9 de murs et d\u2019un toit isol\u00e9s\u00a0; rev\u00eatement de sol en vinyle\u00a0; cadres en plastique avec double vitrage\u00a0; goutti\u00e8re de drainage\u00a0; plateau; verrouillable \u00e0 l\u2019aide d\u2019une cl\u00e9 et d\u2019un cylindre \u00e0 bouton\u00a0; dimensions pli\u00e9 5890x720x2550 mm (dimensions de transport)\u00a0; inutilis\u00e9\" \/>\n<meta property=\"og:url\" content=\"https:\/\/conteneo.store\/index.php\/produit\/2024-unite-dhabitation-mobile-conteneur-2\/\" \/>\n<meta property=\"og:site_name\" content=\"Sp\u00e9cialiste de la vente de containers maritime\" \/>\n<meta property=\"article:modified_time\" content=\"2025-09-17T13:37:38+00:00\" \/>\n<meta name=\"twitter:card\" content=\"summary_large_image\" \/>\n<script type=\"application\/ld+json\" class=\"yoast-schema-graph\">{\"@context\":\"https:\/\/schema.org\",\"@graph\":[{\"@type\":\"WebPage\",\"@id\":\"https:\/\/conteneo.store\/index.php\/produit\/2024-unite-dhabitation-mobile-conteneur-2\/\",\"url\":\"https:\/\/conteneo.store\/index.php\/produit\/2024-unite-dhabitation-mobile-conteneur-2\/\",\"name\":\"2024 Unit\u00e9 d\u2019habitation mobile \/ conteneur - Sp\u00e9cialiste de la vente de containers maritime\",\"isPartOf\":{\"@id\":\"https:\/\/conteneo.store\/#website\"},\"primaryImageOfPage\":{\"@id\":\"https:\/\/conteneo.store\/index.php\/produit\/2024-unite-dhabitation-mobile-conteneur-2\/#primaryimage\"},\"image\":{\"@id\":\"https:\/\/conteneo.store\/index.php\/produit\/2024-unite-dhabitation-mobile-conteneur-2\/#primaryimage\"},\"thumbnailUrl\":\"https:\/\/conteneo.store\/wp-content\/uploads\/2025\/09\/2024-Unite-dhabitation-mobile-conteneur-1.webp\",\"datePublished\":\"2025-09-17T12:59:37+00:00\",\"dateModified\":\"2025-09-17T13:37:38+00:00\",\"breadcrumb\":{\"@id\":\"https:\/\/conteneo.store\/index.php\/produit\/2024-unite-dhabitation-mobile-conteneur-2\/#breadcrumb\"},\"inLanguage\":\"fr-FR\",\"potentialAction\":[{\"@type\":\"ReadAction\",\"target\":[\"https:\/\/conteneo.store\/index.php\/produit\/2024-unite-dhabitation-mobile-conteneur-2\/\"]}]},{\"@type\":\"ImageObject\",\"inLanguage\":\"fr-FR\",\"@id\":\"https:\/\/conteneo.store\/index.php\/produit\/2024-unite-dhabitation-mobile-conteneur-2\/#primaryimage\",\"url\":\"https:\/\/conteneo.store\/wp-content\/uploads\/2025\/09\/2024-Unite-dhabitation-mobile-conteneur-1.webp\",\"contentUrl\":\"https:\/\/conteneo.store\/wp-content\/uploads\/2025\/09\/2024-Unite-dhabitation-mobile-conteneur-1.webp\",\"width\":1024,\"height\":768},{\"@type\":\"BreadcrumbList\",\"@id\":\"https:\/\/conteneo.store\/index.php\/produit\/2024-unite-dhabitation-mobile-conteneur-2\/#breadcrumb\",\"itemListElement\":[{\"@type\":\"ListItem\",\"position\":1,\"name\":\"Accueil\",\"item\":\"https:\/\/conteneo.store\/\"},{\"@type\":\"ListItem\",\"position\":2,\"name\":\"Boutique\",\"item\":\"https:\/\/conteneo.store\/index.php\/boutique\/\"},{\"@type\":\"ListItem\",\"position\":3,\"name\":\"2024 Unit\u00e9 d\u2019habitation mobile \/ conteneur\"}]},{\"@type\":\"WebSite\",\"@id\":\"https:\/\/conteneo.store\/#website\",\"url\":\"https:\/\/conteneo.store\/\",\"name\":\"Sp\u00e9cialiste de la vente de containers maritime\",\"description\":\"\",\"potentialAction\":[{\"@type\":\"SearchAction\",\"target\":{\"@type\":\"EntryPoint\",\"urlTemplate\":\"https:\/\/conteneo.store\/?s={search_term_string}\"},\"query-input\":{\"@type\":\"PropertyValueSpecification\",\"valueRequired\":true,\"valueName\":\"search_term_string\"}}],\"inLanguage\":\"fr-FR\"}]}<\/script>\n<!-- \/ Yoast SEO plugin. -->","yoast_head_json":{"title":"2024 Unit\u00e9 d\u2019habitation mobile \/ conteneur - Sp\u00e9cialiste de la vente de containers maritime","robots":{"index":"index","follow":"follow","max-snippet":"max-snippet:-1","max-image-preview":"max-image-preview:large","max-video-preview":"max-video-preview:-1"},"canonical":"https:\/\/conteneo.store\/index.php\/produit\/2024-unite-dhabitation-mobile-conteneur-2\/","og_locale":"fr_FR","og_type":"article","og_title":"2024 Unit\u00e9 d\u2019habitation mobile \/ conteneur - Sp\u00e9cialiste de la vente de containers maritime","og_description":"Unit\u00e9 r\u00e9sidentielle  &nbsp;  Longueur totale 5890mm  Poids individuel 2650kg  Nombre de fen\u00eatres 8  Marque Stahlworks  Hauteur totale 2550mm  Ann\u00e9e 2024  Type(15ft*20ft)  Largeur totale 4820mm  Informations suppl\u00e9mentaires  Equip\u00e9 de murs et d\u2019un toit isol\u00e9s\u00a0; rev\u00eatement de sol en vinyle\u00a0; cadres en plastique avec double vitrage\u00a0; goutti\u00e8re de drainage\u00a0; plateau; verrouillable \u00e0 l\u2019aide d\u2019une cl\u00e9 et d\u2019un cylindre \u00e0 bouton\u00a0; dimensions pli\u00e9 5890x720x2550 mm (dimensions de transport)\u00a0; inutilis\u00e9","og_url":"https:\/\/conteneo.store\/index.php\/produit\/2024-unite-dhabitation-mobile-conteneur-2\/","og_site_name":"Sp\u00e9cialiste de la vente de containers maritime","article_modified_time":"2025-09-17T13:37:38+00:00","twitter_card":"summary_large_image","schema":{"@context":"https:\/\/schema.org","@graph":[{"@type":"WebPage","@id":"https:\/\/conteneo.store\/index.php\/produit\/2024-unite-dhabitation-mobile-conteneur-2\/","url":"https:\/\/conteneo.store\/index.php\/produit\/2024-unite-dhabitation-mobile-conteneur-2\/","name":"2024 Unit\u00e9 d\u2019habitation mobile \/ conteneur - Sp\u00e9cialiste de la vente de containers maritime","isPartOf":{"@id":"https:\/\/conteneo.store\/#website"},"primaryImageOfPage":{"@id":"https:\/\/conteneo.store\/index.php\/produit\/2024-unite-dhabitation-mobile-conteneur-2\/#primaryimage"},"image":{"@id":"https:\/\/conteneo.store\/index.php\/produit\/2024-unite-dhabitation-mobile-conteneur-2\/#primaryimage"},"thumbnailUrl":"https:\/\/conteneo.store\/wp-content\/uploads\/2025\/09\/2024-Unite-dhabitation-mobile-conteneur-1.webp","datePublished":"2025-09-17T12:59:37+00:00","dateModified":"2025-09-17T13:37:38+00:00","breadcrumb":{"@id":"https:\/\/conteneo.store\/index.php\/produit\/2024-unite-dhabitation-mobile-conteneur-2\/#breadcrumb"},"inLanguage":"fr-FR","potentialAction":[{"@type":"ReadAction","target":["https:\/\/conteneo.store\/index.php\/produit\/2024-unite-dhabitation-mobile-conteneur-2\/"]}]},{"@type":"ImageObject","inLanguage":"fr-FR","@id":"https:\/\/conteneo.store\/index.php\/produit\/2024-unite-dhabitation-mobile-conteneur-2\/#primaryimage","url":"https:\/\/conteneo.store\/wp-content\/uploads\/2025\/09\/2024-Unite-dhabitation-mobile-conteneur-1.webp","contentUrl":"https:\/\/conteneo.store\/wp-content\/uploads\/2025\/09\/2024-Unite-dhabitation-mobile-conteneur-1.webp","width":1024,"height":768},{"@type":"BreadcrumbList","@id":"https:\/\/conteneo.store\/index.php\/produit\/2024-unite-dhabitation-mobile-conteneur-2\/#breadcrumb","itemListElement":[{"@type":"ListItem","position":1,"name":"Accueil","item":"https:\/\/conteneo.store\/"},{"@type":"ListItem","position":2,"name":"Boutique","item":"https:\/\/conteneo.store\/index.php\/boutique\/"},{"@type":"ListItem","position":3,"name":"2024 Unit\u00e9 d\u2019habitation mobile \/ conteneur"}]},{"@type":"WebSite","@id":"https:\/\/conteneo.store\/#website","url":"https:\/\/conteneo.store\/","name":"Sp\u00e9cialiste de la vente de containers maritime","description":"","potentialAction":[{"@type":"SearchAction","target":{"@type":"EntryPoint","urlTemplate":"https:\/\/conteneo.store\/?s={search_term_string}"},"query-input":{"@type":"PropertyValueSpecification","valueRequired":true,"valueName":"search_term_string"}}],"inLanguage":"fr-FR"}]}},"_links":{"self":[{"href":"https:\/\/conteneo.store\/index.php\/wp-json\/wp\/v2\/product\/7164","targetHints":{"allow":["GET"]}}],"collection":[{"href":"https:\/\/conteneo.store\/index.php\/wp-json\/wp\/v2\/product"}],"about":[{"href":"https:\/\/conteneo.store\/index.php\/wp-json\/wp\/v2\/types\/product"}],"replies":[{"embeddable":true,"href":"https:\/\/conteneo.store\/index.php\/wp-json\/wp\/v2\/comments?post=7164"}],"wp:featuredmedia":[{"embeddable":true,"href":"https:\/\/conteneo.store\/index.php\/wp-json\/wp\/v2\/media\/7328"}],"wp:attachment":[{"href":"https:\/\/conteneo.store\/index.php\/wp-json\/wp\/v2\/media?parent=7164"}],"wp:term":[{"taxonomy":"product_brand","embeddable":true,"href":"https:\/\/conteneo.store\/index.php\/wp-json\/wp\/v2\/product_brand?post=7164"},{"taxonomy":"product_cat","embeddable":true,"href":"https:\/\/conteneo.store\/index.php\/wp-json\/wp\/v2\/product_cat?post=7164"},{"taxonomy":"product_tag","embeddable":true,"href":"https:\/\/conteneo.store\/index.php\/wp-json\/wp\/v2\/product_tag?post=7164"}],"curies":[{"name":"wp","href":"https:\/\/api.w.org\/{rel}","templated":true}]}}