{"id":7165,"date":"2025-09-17T12:59:38","date_gmt":"2025-09-17T12:59:38","guid":{"rendered":"https:\/\/conteneo.store\/?post_type=product&#038;p=7165"},"modified":"2025-09-17T13:37:56","modified_gmt":"2025-09-17T13:37:56","slug":"2025-unite-dhabitation-mobile-bureau-28m2","status":"publish","type":"product","link":"https:\/\/conteneo.store\/index.php\/produit\/2025-unite-dhabitation-mobile-bureau-28m2\/","title":{"rendered":"2025 &#8211; unit\u00e9 d\u2019habitation mobile \/ bureau 28m2"},"content":{"rendered":"<p><a href=\"https:\/\/conteneursexpress.net\/conditions-generales\/\"><span style=\"font-weight: 400;\">Conditions g\u00e9n\u00e9rales<\/span><\/a><\/p>\n<p><span style=\"font-weight: 400;\">Exp\u00e9dition : 7 &#8211; 10 jours ouvrables<\/span><\/p>\n","protected":false},"excerpt":{"rendered":"<p>Fournir; cadres en plastique, double vitrage, murs et toit isol\u00e9s, goutti\u00e8re de drainage, sol en vinyle, verrouillable avec cl\u00e9, 2 x treuil \u00e0 main pour abaisser le sol, dimensions pli\u00e9es et pour le transport 5890 x 720 x 2550 mm, pieds r\u00e9glables, 2 roues \u00e0 roulettes \u00e0 l\u2019arri\u00e8re, les 8 fen\u00eatres peuvent \u00eatre ouvertes, sont \u00e9quip\u00e9es d\u2019une moustiquaire, espace de 28 m2, inutilis\u00e9<\/p>\n<p>Ann\u00e9e<br \/>\n2025<br \/>\nNombre de fen\u00eatres<br \/>\n8<br \/>\nExtensible<br \/>\nOui<br \/>\nPoids individuel<br \/>\n2500 kg<br \/>\nLongueur totale<br \/>\n4800 mm<br \/>\nLargeur totale<br \/>\n5850 mm<br \/>\nHauteur totale<br \/>\n2500 mm<\/p>\n","protected":false},"featured_media":7352,"comment_status":"open","ping_status":"closed","template":"","meta":[],"product_brand":[],"product_cat":[79],"product_tag":[],"class_list":{"0":"post-7165","1":"product","2":"type-product","3":"status-publish","4":"has-post-thumbnail","6":"product_cat-conteneurs-dhabitation","8":"first","9":"instock","10":"sale","11":"shipping-taxable","12":"purchasable","13":"product-type-simple"},"yoast_head":"<!-- This site is optimized with the Yoast SEO plugin v25.3.1 - https:\/\/yoast.com\/wordpress\/plugins\/seo\/ -->\n<title>2025 - unit\u00e9 d\u2019habitation mobile \/ bureau 28m2 - Sp\u00e9cialiste de la vente de containers maritime<\/title>\n<meta name=\"robots\" content=\"index, follow, max-snippet:-1, max-image-preview:large, max-video-preview:-1\" \/>\n<link rel=\"canonical\" href=\"https:\/\/conteneo.store\/index.php\/produit\/2025-unite-dhabitation-mobile-bureau-28m2\/\" \/>\n<meta property=\"og:locale\" content=\"fr_FR\" \/>\n<meta property=\"og:type\" content=\"article\" \/>\n<meta property=\"og:title\" content=\"2025 - unit\u00e9 d\u2019habitation mobile \/ bureau 28m2 - Sp\u00e9cialiste de la vente de containers maritime\" \/>\n<meta property=\"og:description\" content=\"Fournir; cadres en plastique, double vitrage, murs et toit isol\u00e9s, goutti\u00e8re de drainage, sol en vinyle, verrouillable avec cl\u00e9, 2 x treuil \u00e0 main pour abaisser le sol, dimensions pli\u00e9es et pour le transport 5890 x 720 x 2550 mm, pieds r\u00e9glables, 2 roues \u00e0 roulettes \u00e0 l\u2019arri\u00e8re, les 8 fen\u00eatres peuvent \u00eatre ouvertes, sont \u00e9quip\u00e9es d\u2019une moustiquaire, espace de 28 m2, inutilis\u00e9  Ann\u00e9e 2025 Nombre de fen\u00eatres 8 Extensible Oui Poids individuel 2500 kg Longueur totale 4800 mm Largeur totale 5850 mm Hauteur totale 2500 mm\" \/>\n<meta property=\"og:url\" content=\"https:\/\/conteneo.store\/index.php\/produit\/2025-unite-dhabitation-mobile-bureau-28m2\/\" \/>\n<meta property=\"og:site_name\" content=\"Sp\u00e9cialiste de la vente de containers maritime\" \/>\n<meta property=\"article:modified_time\" content=\"2025-09-17T13:37:56+00:00\" \/>\n<meta name=\"twitter:card\" content=\"summary_large_image\" \/>\n<script type=\"application\/ld+json\" class=\"yoast-schema-graph\">{\"@context\":\"https:\/\/schema.org\",\"@graph\":[{\"@type\":\"WebPage\",\"@id\":\"https:\/\/conteneo.store\/index.php\/produit\/2025-unite-dhabitation-mobile-bureau-28m2\/\",\"url\":\"https:\/\/conteneo.store\/index.php\/produit\/2025-unite-dhabitation-mobile-bureau-28m2\/\",\"name\":\"2025 - unit\u00e9 d\u2019habitation mobile \/ bureau 28m2 - Sp\u00e9cialiste de la vente de containers maritime\",\"isPartOf\":{\"@id\":\"https:\/\/conteneo.store\/#website\"},\"primaryImageOfPage\":{\"@id\":\"https:\/\/conteneo.store\/index.php\/produit\/2025-unite-dhabitation-mobile-bureau-28m2\/#primaryimage\"},\"image\":{\"@id\":\"https:\/\/conteneo.store\/index.php\/produit\/2025-unite-dhabitation-mobile-bureau-28m2\/#primaryimage\"},\"thumbnailUrl\":\"https:\/\/conteneo.store\/wp-content\/uploads\/2025\/09\/2025-unite-dhabitation-mobile-bureau-28m2.webp\",\"datePublished\":\"2025-09-17T12:59:38+00:00\",\"dateModified\":\"2025-09-17T13:37:56+00:00\",\"breadcrumb\":{\"@id\":\"https:\/\/conteneo.store\/index.php\/produit\/2025-unite-dhabitation-mobile-bureau-28m2\/#breadcrumb\"},\"inLanguage\":\"fr-FR\",\"potentialAction\":[{\"@type\":\"ReadAction\",\"target\":[\"https:\/\/conteneo.store\/index.php\/produit\/2025-unite-dhabitation-mobile-bureau-28m2\/\"]}]},{\"@type\":\"ImageObject\",\"inLanguage\":\"fr-FR\",\"@id\":\"https:\/\/conteneo.store\/index.php\/produit\/2025-unite-dhabitation-mobile-bureau-28m2\/#primaryimage\",\"url\":\"https:\/\/conteneo.store\/wp-content\/uploads\/2025\/09\/2025-unite-dhabitation-mobile-bureau-28m2.webp\",\"contentUrl\":\"https:\/\/conteneo.store\/wp-content\/uploads\/2025\/09\/2025-unite-dhabitation-mobile-bureau-28m2.webp\",\"width\":1024,\"height\":768},{\"@type\":\"BreadcrumbList\",\"@id\":\"https:\/\/conteneo.store\/index.php\/produit\/2025-unite-dhabitation-mobile-bureau-28m2\/#breadcrumb\",\"itemListElement\":[{\"@type\":\"ListItem\",\"position\":1,\"name\":\"Accueil\",\"item\":\"https:\/\/conteneo.store\/\"},{\"@type\":\"ListItem\",\"position\":2,\"name\":\"Boutique\",\"item\":\"https:\/\/conteneo.store\/index.php\/boutique\/\"},{\"@type\":\"ListItem\",\"position\":3,\"name\":\"2025 &#8211; unit\u00e9 d\u2019habitation mobile \/ bureau 28m2\"}]},{\"@type\":\"WebSite\",\"@id\":\"https:\/\/conteneo.store\/#website\",\"url\":\"https:\/\/conteneo.store\/\",\"name\":\"Sp\u00e9cialiste de la vente de containers maritime\",\"description\":\"\",\"potentialAction\":[{\"@type\":\"SearchAction\",\"target\":{\"@type\":\"EntryPoint\",\"urlTemplate\":\"https:\/\/conteneo.store\/?s={search_term_string}\"},\"query-input\":{\"@type\":\"PropertyValueSpecification\",\"valueRequired\":true,\"valueName\":\"search_term_string\"}}],\"inLanguage\":\"fr-FR\"}]}<\/script>\n<!-- \/ Yoast SEO plugin. -->","yoast_head_json":{"title":"2025 - unit\u00e9 d\u2019habitation mobile \/ bureau 28m2 - Sp\u00e9cialiste de la vente de containers maritime","robots":{"index":"index","follow":"follow","max-snippet":"max-snippet:-1","max-image-preview":"max-image-preview:large","max-video-preview":"max-video-preview:-1"},"canonical":"https:\/\/conteneo.store\/index.php\/produit\/2025-unite-dhabitation-mobile-bureau-28m2\/","og_locale":"fr_FR","og_type":"article","og_title":"2025 - unit\u00e9 d\u2019habitation mobile \/ bureau 28m2 - Sp\u00e9cialiste de la vente de containers maritime","og_description":"Fournir; cadres en plastique, double vitrage, murs et toit isol\u00e9s, goutti\u00e8re de drainage, sol en vinyle, verrouillable avec cl\u00e9, 2 x treuil \u00e0 main pour abaisser le sol, dimensions pli\u00e9es et pour le transport 5890 x 720 x 2550 mm, pieds r\u00e9glables, 2 roues \u00e0 roulettes \u00e0 l\u2019arri\u00e8re, les 8 fen\u00eatres peuvent \u00eatre ouvertes, sont \u00e9quip\u00e9es d\u2019une moustiquaire, espace de 28 m2, inutilis\u00e9  Ann\u00e9e 2025 Nombre de fen\u00eatres 8 Extensible Oui Poids individuel 2500 kg Longueur totale 4800 mm Largeur totale 5850 mm Hauteur totale 2500 mm","og_url":"https:\/\/conteneo.store\/index.php\/produit\/2025-unite-dhabitation-mobile-bureau-28m2\/","og_site_name":"Sp\u00e9cialiste de la vente de containers maritime","article_modified_time":"2025-09-17T13:37:56+00:00","twitter_card":"summary_large_image","schema":{"@context":"https:\/\/schema.org","@graph":[{"@type":"WebPage","@id":"https:\/\/conteneo.store\/index.php\/produit\/2025-unite-dhabitation-mobile-bureau-28m2\/","url":"https:\/\/conteneo.store\/index.php\/produit\/2025-unite-dhabitation-mobile-bureau-28m2\/","name":"2025 - unit\u00e9 d\u2019habitation mobile \/ bureau 28m2 - Sp\u00e9cialiste de la vente de containers maritime","isPartOf":{"@id":"https:\/\/conteneo.store\/#website"},"primaryImageOfPage":{"@id":"https:\/\/conteneo.store\/index.php\/produit\/2025-unite-dhabitation-mobile-bureau-28m2\/#primaryimage"},"image":{"@id":"https:\/\/conteneo.store\/index.php\/produit\/2025-unite-dhabitation-mobile-bureau-28m2\/#primaryimage"},"thumbnailUrl":"https:\/\/conteneo.store\/wp-content\/uploads\/2025\/09\/2025-unite-dhabitation-mobile-bureau-28m2.webp","datePublished":"2025-09-17T12:59:38+00:00","dateModified":"2025-09-17T13:37:56+00:00","breadcrumb":{"@id":"https:\/\/conteneo.store\/index.php\/produit\/2025-unite-dhabitation-mobile-bureau-28m2\/#breadcrumb"},"inLanguage":"fr-FR","potentialAction":[{"@type":"ReadAction","target":["https:\/\/conteneo.store\/index.php\/produit\/2025-unite-dhabitation-mobile-bureau-28m2\/"]}]},{"@type":"ImageObject","inLanguage":"fr-FR","@id":"https:\/\/conteneo.store\/index.php\/produit\/2025-unite-dhabitation-mobile-bureau-28m2\/#primaryimage","url":"https:\/\/conteneo.store\/wp-content\/uploads\/2025\/09\/2025-unite-dhabitation-mobile-bureau-28m2.webp","contentUrl":"https:\/\/conteneo.store\/wp-content\/uploads\/2025\/09\/2025-unite-dhabitation-mobile-bureau-28m2.webp","width":1024,"height":768},{"@type":"BreadcrumbList","@id":"https:\/\/conteneo.store\/index.php\/produit\/2025-unite-dhabitation-mobile-bureau-28m2\/#breadcrumb","itemListElement":[{"@type":"ListItem","position":1,"name":"Accueil","item":"https:\/\/conteneo.store\/"},{"@type":"ListItem","position":2,"name":"Boutique","item":"https:\/\/conteneo.store\/index.php\/boutique\/"},{"@type":"ListItem","position":3,"name":"2025 &#8211; unit\u00e9 d\u2019habitation mobile \/ bureau 28m2"}]},{"@type":"WebSite","@id":"https:\/\/conteneo.store\/#website","url":"https:\/\/conteneo.store\/","name":"Sp\u00e9cialiste de la vente de containers maritime","description":"","potentialAction":[{"@type":"SearchAction","target":{"@type":"EntryPoint","urlTemplate":"https:\/\/conteneo.store\/?s={search_term_string}"},"query-input":{"@type":"PropertyValueSpecification","valueRequired":true,"valueName":"search_term_string"}}],"inLanguage":"fr-FR"}]}},"_links":{"self":[{"href":"https:\/\/conteneo.store\/index.php\/wp-json\/wp\/v2\/product\/7165","targetHints":{"allow":["GET"]}}],"collection":[{"href":"https:\/\/conteneo.store\/index.php\/wp-json\/wp\/v2\/product"}],"about":[{"href":"https:\/\/conteneo.store\/index.php\/wp-json\/wp\/v2\/types\/product"}],"replies":[{"embeddable":true,"href":"https:\/\/conteneo.store\/index.php\/wp-json\/wp\/v2\/comments?post=7165"}],"wp:featuredmedia":[{"embeddable":true,"href":"https:\/\/conteneo.store\/index.php\/wp-json\/wp\/v2\/media\/7352"}],"wp:attachment":[{"href":"https:\/\/conteneo.store\/index.php\/wp-json\/wp\/v2\/media?parent=7165"}],"wp:term":[{"taxonomy":"product_brand","embeddable":true,"href":"https:\/\/conteneo.store\/index.php\/wp-json\/wp\/v2\/product_brand?post=7165"},{"taxonomy":"product_cat","embeddable":true,"href":"https:\/\/conteneo.store\/index.php\/wp-json\/wp\/v2\/product_cat?post=7165"},{"taxonomy":"product_tag","embeddable":true,"href":"https:\/\/conteneo.store\/index.php\/wp-json\/wp\/v2\/product_tag?post=7165"}],"curies":[{"name":"wp","href":"https:\/\/api.w.org\/{rel}","templated":true}]}}