{"id":7166,"date":"2025-09-17T12:59:38","date_gmt":"2025-09-17T12:59:38","guid":{"rendered":"https:\/\/conteneo.store\/?post_type=product&#038;p=7166"},"modified":"2025-09-17T13:38:02","modified_gmt":"2025-09-17T13:38:02","slug":"b-tiny-house-atelier-bureau","status":"publish","type":"product","link":"https:\/\/conteneo.store\/index.php\/produit\/b-tiny-house-atelier-bureau\/","title":{"rendered":"B Tiny house \/ atelier \/ bureau"},"content":{"rendered":"<p><a href=\"https:\/\/conteneursexpress.net\/conditions-generales\/\"><span style=\"font-weight: 400;\">Conditions g\u00e9n\u00e9rales<\/span><\/a><\/p>\n<p><span style=\"font-weight: 400;\">Exp\u00e9dition : 7 &#8211; 10 jours ouvrables<\/span><\/p>\n","protected":false},"excerpt":{"rendered":"<p>Ann\u00e9e 2024<\/p>\n<p>Nombre de fen\u00eatres 6<\/p>\n<p>Longueur totale 5950mm<\/p>\n<p>Marque Stahlworks<\/p>\n<p>Hauteur totale 2550mm<\/p>\n<p>Poids individuel 2070kg<\/p>\n<p>Largeur totale 2300mm<\/p>\n<p>Type Eco 6000 B<\/p>\n<p>Toilettes Oui<\/p>\n<p>Informations suppl\u00e9mentaires<\/p>\n<p>Murs et toiture isol\u00e9s\u00a0; huisseries en aluminium avec double vitrage \u00e0 contr\u00f4le solaire ; verrouillable \u00e0 l\u2019aide d\u2019une cl\u00e9 et d\u2019un cylindre \u00e0 bouton\u00a0; fen\u00eatre \u00e0 guillotine\u00a0; dimensions de transport 5950x2300x2550 mm (LxlxH)\u00a0; lever les yeux\u00a0; cadre en dessous\u00a0; \u00e9quip\u00e9 de trous de cuill\u00e8re et de pieds r\u00e9glables\u00a0; inutilis\u00e9 Int\u00e9rieur\u00a0: sanitaire avec douche\u00a0; toilette; lavabo avec mitigeur et meubles bas et miroir\u00a0; Ventilateur; Prises murales 220 volts avec connexion USB\u00a0; Plafonnier \u00e0 LED\u00a0; 2 pi\u00e8ces de fen\u00eatres \u00e0 guillotine avec stores et moustiquaire\u00a0; rideau; coin cuisine avec placards \u00e0 l\u2019\u00e9tage\u00a0; disjoncteur diff\u00e9rentiel, placard, espace de rangement\u00a0; Externe\u00a0: Point de connexion 220 volts\u00a0; point de raccordement \u00e0 l\u2019eau chaude et froide\u00a0; raccordement \u00e0 l\u2019\u00e9gout\u00a0; Mat\u00e9riaux externes\u00a0: Panneau composite en aluminium\u00a0; Feuille d\u2019aluminium monocouche de fluorocarbone blanc\u00a0; double couche l\u00e9g\u00e8re haute r\u00e9sistance \u00e0 la compression Mat\u00e9riaux internes\u00a0; Plaque de bouton plate en bois-plastique\u00a0; plaque \u00e9cologique de qualit\u00e9 HE\u00a0; inutilis\u00e9<\/p>\n","protected":false},"featured_media":7369,"comment_status":"open","ping_status":"closed","template":"","meta":[],"product_brand":[],"product_cat":[79],"product_tag":[],"class_list":{"0":"post-7166","1":"product","2":"type-product","3":"status-publish","4":"has-post-thumbnail","6":"product_cat-conteneurs-dhabitation","8":"first","9":"instock","10":"sale","11":"shipping-taxable","12":"purchasable","13":"product-type-simple"},"yoast_head":"<!-- This site is optimized with the Yoast SEO plugin v25.3.1 - https:\/\/yoast.com\/wordpress\/plugins\/seo\/ -->\n<title>B Tiny house \/ atelier \/ bureau - Sp\u00e9cialiste de la vente de containers maritime<\/title>\n<meta name=\"robots\" content=\"index, follow, max-snippet:-1, max-image-preview:large, max-video-preview:-1\" \/>\n<link rel=\"canonical\" href=\"https:\/\/conteneo.store\/index.php\/produit\/b-tiny-house-atelier-bureau\/\" \/>\n<meta property=\"og:locale\" content=\"fr_FR\" \/>\n<meta property=\"og:type\" content=\"article\" \/>\n<meta property=\"og:title\" content=\"B Tiny house \/ atelier \/ bureau - Sp\u00e9cialiste de la vente de containers maritime\" \/>\n<meta property=\"og:description\" content=\"Ann\u00e9e 2024  Nombre de fen\u00eatres 6  Longueur totale 5950mm  Marque Stahlworks  Hauteur totale 2550mm  Poids individuel 2070kg  Largeur totale 2300mm  Type Eco 6000 B  Toilettes Oui  Informations suppl\u00e9mentaires  Murs et toiture isol\u00e9s\u00a0; huisseries en aluminium avec double vitrage \u00e0 contr\u00f4le solaire ; verrouillable \u00e0 l\u2019aide d\u2019une cl\u00e9 et d\u2019un cylindre \u00e0 bouton\u00a0; fen\u00eatre \u00e0 guillotine\u00a0; dimensions de transport 5950x2300x2550 mm (LxlxH)\u00a0; lever les yeux\u00a0; cadre en dessous\u00a0; \u00e9quip\u00e9 de trous de cuill\u00e8re et de pieds r\u00e9glables\u00a0; inutilis\u00e9 Int\u00e9rieur\u00a0: sanitaire avec douche\u00a0; toilette; lavabo avec mitigeur et meubles bas et miroir\u00a0; Ventilateur; Prises murales 220 volts avec connexion USB\u00a0; Plafonnier \u00e0 LED\u00a0; 2 pi\u00e8ces de fen\u00eatres \u00e0 guillotine avec stores et moustiquaire\u00a0; rideau; coin cuisine avec placards \u00e0 l\u2019\u00e9tage\u00a0; disjoncteur diff\u00e9rentiel, placard, espace de rangement\u00a0; Externe\u00a0: Point de connexion 220 volts\u00a0; point de raccordement \u00e0 l\u2019eau chaude et froide\u00a0; raccordement \u00e0 l\u2019\u00e9gout\u00a0; Mat\u00e9riaux externes\u00a0: Panneau composite en aluminium\u00a0; Feuille d\u2019aluminium monocouche de fluorocarbone blanc\u00a0; double couche l\u00e9g\u00e8re haute r\u00e9sistance \u00e0 la compression Mat\u00e9riaux internes\u00a0; Plaque de bouton plate en bois-plastique\u00a0; plaque \u00e9cologique de qualit\u00e9 HE\u00a0; inutilis\u00e9\" \/>\n<meta property=\"og:url\" content=\"https:\/\/conteneo.store\/index.php\/produit\/b-tiny-house-atelier-bureau\/\" \/>\n<meta property=\"og:site_name\" content=\"Sp\u00e9cialiste de la vente de containers maritime\" \/>\n<meta property=\"article:modified_time\" content=\"2025-09-17T13:38:02+00:00\" \/>\n<meta name=\"twitter:card\" content=\"summary_large_image\" \/>\n<script type=\"application\/ld+json\" class=\"yoast-schema-graph\">{\"@context\":\"https:\/\/schema.org\",\"@graph\":[{\"@type\":\"WebPage\",\"@id\":\"https:\/\/conteneo.store\/index.php\/produit\/b-tiny-house-atelier-bureau\/\",\"url\":\"https:\/\/conteneo.store\/index.php\/produit\/b-tiny-house-atelier-bureau\/\",\"name\":\"B Tiny house \/ atelier \/ bureau - Sp\u00e9cialiste de la vente de containers maritime\",\"isPartOf\":{\"@id\":\"https:\/\/conteneo.store\/#website\"},\"primaryImageOfPage\":{\"@id\":\"https:\/\/conteneo.store\/index.php\/produit\/b-tiny-house-atelier-bureau\/#primaryimage\"},\"image\":{\"@id\":\"https:\/\/conteneo.store\/index.php\/produit\/b-tiny-house-atelier-bureau\/#primaryimage\"},\"thumbnailUrl\":\"https:\/\/conteneo.store\/wp-content\/uploads\/2025\/09\/B-Tiny-house-atelier-bureau.webp\",\"datePublished\":\"2025-09-17T12:59:38+00:00\",\"dateModified\":\"2025-09-17T13:38:02+00:00\",\"breadcrumb\":{\"@id\":\"https:\/\/conteneo.store\/index.php\/produit\/b-tiny-house-atelier-bureau\/#breadcrumb\"},\"inLanguage\":\"fr-FR\",\"potentialAction\":[{\"@type\":\"ReadAction\",\"target\":[\"https:\/\/conteneo.store\/index.php\/produit\/b-tiny-house-atelier-bureau\/\"]}]},{\"@type\":\"ImageObject\",\"inLanguage\":\"fr-FR\",\"@id\":\"https:\/\/conteneo.store\/index.php\/produit\/b-tiny-house-atelier-bureau\/#primaryimage\",\"url\":\"https:\/\/conteneo.store\/wp-content\/uploads\/2025\/09\/B-Tiny-house-atelier-bureau.webp\",\"contentUrl\":\"https:\/\/conteneo.store\/wp-content\/uploads\/2025\/09\/B-Tiny-house-atelier-bureau.webp\",\"width\":1024,\"height\":768},{\"@type\":\"BreadcrumbList\",\"@id\":\"https:\/\/conteneo.store\/index.php\/produit\/b-tiny-house-atelier-bureau\/#breadcrumb\",\"itemListElement\":[{\"@type\":\"ListItem\",\"position\":1,\"name\":\"Accueil\",\"item\":\"https:\/\/conteneo.store\/\"},{\"@type\":\"ListItem\",\"position\":2,\"name\":\"Boutique\",\"item\":\"https:\/\/conteneo.store\/index.php\/boutique\/\"},{\"@type\":\"ListItem\",\"position\":3,\"name\":\"B Tiny house \/ atelier \/ bureau\"}]},{\"@type\":\"WebSite\",\"@id\":\"https:\/\/conteneo.store\/#website\",\"url\":\"https:\/\/conteneo.store\/\",\"name\":\"Sp\u00e9cialiste de la vente de containers maritime\",\"description\":\"\",\"potentialAction\":[{\"@type\":\"SearchAction\",\"target\":{\"@type\":\"EntryPoint\",\"urlTemplate\":\"https:\/\/conteneo.store\/?s={search_term_string}\"},\"query-input\":{\"@type\":\"PropertyValueSpecification\",\"valueRequired\":true,\"valueName\":\"search_term_string\"}}],\"inLanguage\":\"fr-FR\"}]}<\/script>\n<!-- \/ Yoast SEO plugin. -->","yoast_head_json":{"title":"B Tiny house \/ atelier \/ bureau - Sp\u00e9cialiste de la vente de containers maritime","robots":{"index":"index","follow":"follow","max-snippet":"max-snippet:-1","max-image-preview":"max-image-preview:large","max-video-preview":"max-video-preview:-1"},"canonical":"https:\/\/conteneo.store\/index.php\/produit\/b-tiny-house-atelier-bureau\/","og_locale":"fr_FR","og_type":"article","og_title":"B Tiny house \/ atelier \/ bureau - Sp\u00e9cialiste de la vente de containers maritime","og_description":"Ann\u00e9e 2024  Nombre de fen\u00eatres 6  Longueur totale 5950mm  Marque Stahlworks  Hauteur totale 2550mm  Poids individuel 2070kg  Largeur totale 2300mm  Type Eco 6000 B  Toilettes Oui  Informations suppl\u00e9mentaires  Murs et toiture isol\u00e9s\u00a0; huisseries en aluminium avec double vitrage \u00e0 contr\u00f4le solaire ; verrouillable \u00e0 l\u2019aide d\u2019une cl\u00e9 et d\u2019un cylindre \u00e0 bouton\u00a0; fen\u00eatre \u00e0 guillotine\u00a0; dimensions de transport 5950x2300x2550 mm (LxlxH)\u00a0; lever les yeux\u00a0; cadre en dessous\u00a0; \u00e9quip\u00e9 de trous de cuill\u00e8re et de pieds r\u00e9glables\u00a0; inutilis\u00e9 Int\u00e9rieur\u00a0: sanitaire avec douche\u00a0; toilette; lavabo avec mitigeur et meubles bas et miroir\u00a0; Ventilateur; Prises murales 220 volts avec connexion USB\u00a0; Plafonnier \u00e0 LED\u00a0; 2 pi\u00e8ces de fen\u00eatres \u00e0 guillotine avec stores et moustiquaire\u00a0; rideau; coin cuisine avec placards \u00e0 l\u2019\u00e9tage\u00a0; disjoncteur diff\u00e9rentiel, placard, espace de rangement\u00a0; Externe\u00a0: Point de connexion 220 volts\u00a0; point de raccordement \u00e0 l\u2019eau chaude et froide\u00a0; raccordement \u00e0 l\u2019\u00e9gout\u00a0; Mat\u00e9riaux externes\u00a0: Panneau composite en aluminium\u00a0; Feuille d\u2019aluminium monocouche de fluorocarbone blanc\u00a0; double couche l\u00e9g\u00e8re haute r\u00e9sistance \u00e0 la compression Mat\u00e9riaux internes\u00a0; Plaque de bouton plate en bois-plastique\u00a0; plaque \u00e9cologique de qualit\u00e9 HE\u00a0; inutilis\u00e9","og_url":"https:\/\/conteneo.store\/index.php\/produit\/b-tiny-house-atelier-bureau\/","og_site_name":"Sp\u00e9cialiste de la vente de containers maritime","article_modified_time":"2025-09-17T13:38:02+00:00","twitter_card":"summary_large_image","schema":{"@context":"https:\/\/schema.org","@graph":[{"@type":"WebPage","@id":"https:\/\/conteneo.store\/index.php\/produit\/b-tiny-house-atelier-bureau\/","url":"https:\/\/conteneo.store\/index.php\/produit\/b-tiny-house-atelier-bureau\/","name":"B Tiny house \/ atelier \/ bureau - Sp\u00e9cialiste de la vente de containers maritime","isPartOf":{"@id":"https:\/\/conteneo.store\/#website"},"primaryImageOfPage":{"@id":"https:\/\/conteneo.store\/index.php\/produit\/b-tiny-house-atelier-bureau\/#primaryimage"},"image":{"@id":"https:\/\/conteneo.store\/index.php\/produit\/b-tiny-house-atelier-bureau\/#primaryimage"},"thumbnailUrl":"https:\/\/conteneo.store\/wp-content\/uploads\/2025\/09\/B-Tiny-house-atelier-bureau.webp","datePublished":"2025-09-17T12:59:38+00:00","dateModified":"2025-09-17T13:38:02+00:00","breadcrumb":{"@id":"https:\/\/conteneo.store\/index.php\/produit\/b-tiny-house-atelier-bureau\/#breadcrumb"},"inLanguage":"fr-FR","potentialAction":[{"@type":"ReadAction","target":["https:\/\/conteneo.store\/index.php\/produit\/b-tiny-house-atelier-bureau\/"]}]},{"@type":"ImageObject","inLanguage":"fr-FR","@id":"https:\/\/conteneo.store\/index.php\/produit\/b-tiny-house-atelier-bureau\/#primaryimage","url":"https:\/\/conteneo.store\/wp-content\/uploads\/2025\/09\/B-Tiny-house-atelier-bureau.webp","contentUrl":"https:\/\/conteneo.store\/wp-content\/uploads\/2025\/09\/B-Tiny-house-atelier-bureau.webp","width":1024,"height":768},{"@type":"BreadcrumbList","@id":"https:\/\/conteneo.store\/index.php\/produit\/b-tiny-house-atelier-bureau\/#breadcrumb","itemListElement":[{"@type":"ListItem","position":1,"name":"Accueil","item":"https:\/\/conteneo.store\/"},{"@type":"ListItem","position":2,"name":"Boutique","item":"https:\/\/conteneo.store\/index.php\/boutique\/"},{"@type":"ListItem","position":3,"name":"B Tiny house \/ atelier \/ bureau"}]},{"@type":"WebSite","@id":"https:\/\/conteneo.store\/#website","url":"https:\/\/conteneo.store\/","name":"Sp\u00e9cialiste de la vente de containers maritime","description":"","potentialAction":[{"@type":"SearchAction","target":{"@type":"EntryPoint","urlTemplate":"https:\/\/conteneo.store\/?s={search_term_string}"},"query-input":{"@type":"PropertyValueSpecification","valueRequired":true,"valueName":"search_term_string"}}],"inLanguage":"fr-FR"}]}},"_links":{"self":[{"href":"https:\/\/conteneo.store\/index.php\/wp-json\/wp\/v2\/product\/7166","targetHints":{"allow":["GET"]}}],"collection":[{"href":"https:\/\/conteneo.store\/index.php\/wp-json\/wp\/v2\/product"}],"about":[{"href":"https:\/\/conteneo.store\/index.php\/wp-json\/wp\/v2\/types\/product"}],"replies":[{"embeddable":true,"href":"https:\/\/conteneo.store\/index.php\/wp-json\/wp\/v2\/comments?post=7166"}],"wp:featuredmedia":[{"embeddable":true,"href":"https:\/\/conteneo.store\/index.php\/wp-json\/wp\/v2\/media\/7369"}],"wp:attachment":[{"href":"https:\/\/conteneo.store\/index.php\/wp-json\/wp\/v2\/media?parent=7166"}],"wp:term":[{"taxonomy":"product_brand","embeddable":true,"href":"https:\/\/conteneo.store\/index.php\/wp-json\/wp\/v2\/product_brand?post=7166"},{"taxonomy":"product_cat","embeddable":true,"href":"https:\/\/conteneo.store\/index.php\/wp-json\/wp\/v2\/product_cat?post=7166"},{"taxonomy":"product_tag","embeddable":true,"href":"https:\/\/conteneo.store\/index.php\/wp-json\/wp\/v2\/product_tag?post=7166"}],"curies":[{"name":"wp","href":"https:\/\/api.w.org\/{rel}","templated":true}]}}