{"id":7167,"date":"2025-09-17T12:59:38","date_gmt":"2025-09-17T12:59:38","guid":{"rendered":"https:\/\/conteneo.store\/?post_type=product&#038;p=7167"},"modified":"2025-09-17T13:38:08","modified_gmt":"2025-09-17T13:38:08","slug":"bovono-petite-maison-petit-entrepot-prefabrique-moderne-mobile","status":"publish","type":"product","link":"https:\/\/conteneo.store\/index.php\/produit\/bovono-petite-maison-petit-entrepot-prefabrique-moderne-mobile\/","title":{"rendered":"BOVONO Petite maison\/petit entrep\u00f4t pr\u00e9fabriqu\u00e9 moderne mobile"},"content":{"rendered":"","protected":false},"excerpt":{"rendered":"<p>Porte verrouillable, fen\u00eatre, toilettes, armoire, convient pour un h\u00f4tel, comme stand, kiosque 5,7 x 6 m<\/p>\n<ul>\n<li>Cet espace de stockage pr\u00e9fabriqu\u00e9 innovant sert \u00e9galement de petite maison extensible mobile. Excellente solution pour les personnes qui recherchent une solution polyvalente. En acier robuste et \u00e9quip\u00e9e d&rsquo;une porte verrouillable et de fen\u00eatres, elle offre \u00e0 la fois la s\u00e9curit\u00e9 et la commodit\u00e9 pour ranger vos affaires personnels et un espace de vie confortable.<\/li>\n<li>[\u00c9quipements essentiels \u00e0 port\u00e9e de main] Profitez de la commodit\u00e9 des \u00e9quipements essentiels \u00e0 port\u00e9e de main. Notre maison pr\u00e9fabriqu\u00e9e est compos\u00e9e d&rsquo;une salle de bain, d&rsquo;une douche et de placards de cuisine int\u00e9gr\u00e9s pour profiter du confort de chez-vous o\u00f9 que vous alliez. L&rsquo;utilisation optimale de l&rsquo;espace garantit que chaque m\u00e8tre carr\u00e9 est soigneusement con\u00e7u sans compromettre le style.<\/li>\n<li>[\u00c9l\u00e9gante et durable] Notre petite maison pr\u00e9fabriqu\u00e9e est esth\u00e9tiquement moderne, alliant la fonctionnalit\u00e9 et un design \u00e9l\u00e9gant. L&rsquo;ext\u00e9rieur est con\u00e7u pour r\u00e9sister \u00e0 des vents allant jusqu&rsquo;\u00e0 120 km\/h et diverses conditions m\u00e9t\u00e9orologiques. Sa taille compacte en fait un choix id\u00e9al pour ceux qui recherchent un espace de vie \u00e0 la fois chic et pratique.<\/li>\n<li>[Montage facile et belles finitions] Gr\u00e2ce \u00e0 la maison pr\u00e9fabriqu\u00e9e, vous pouvez profiter des avantages d&rsquo;un assemblage rapide sans compromettre la qualit\u00e9. La d\u00e9coration int\u00e9rieure offre des finitions m\u00e9ticuleuses dont vous pouvez profiter imm\u00e9diatement. Adoptez une vie insouciante sans avoir besoin de faire des r\u00e9novations fastidieuses.<\/li>\n<li>[Solution sur mesure pour diff\u00e9rents besoins] Que vous ayez besoin d&rsquo;un abri de rangement dans votre jardin ou d&rsquo;un espace de vie compact, notre petite maison pr\u00e9fabriqu\u00e9e offre une solution sur mesure. Transportable, elle permet de la d\u00e9placer facilement, ce qui la rend tr\u00e8s pratique pour un h\u00f4tel, un bureau, un magasin ou m\u00eame un atelier. D\u00e9couvrez les possibilit\u00e9s illimit\u00e9es que cette maison pr\u00e9fabriqu\u00e9e polyvalente offre.<\/li>\n<\/ul>\n<h2>Description du produit<\/h2>\n<p>Information sur le produit :<\/p>\n<p>Structure en acier.<\/p>\n<p>Panneau mural en mousse ignifug\u00e9e.<\/p>\n<p>Toit : mousse ignifug\u00e9e, aluminium, magn\u00e9sium, mangan\u00e8se, isolation thermique.<\/p>\n<p>Sol : verre et magn\u00e9sium.<\/p>\n<p>Sol en cuir stratifi\u00e9 r\u00e9sistant \u00e0 l&rsquo;usure de 0,2 cm.<\/p>\n<p>Fen\u00eatre : fen\u00eatre coulissante \u00e0 treillis, double vitrage en verre tremp\u00e9, plastique et acier.<\/p>\n<p>Fen\u00eatre ext\u00e9rieure de salle de bain : fen\u00eatre en plexiglas.<\/p>\n<p>Dimensions :<\/p>\n<p>5,7 x 6 x 2,5 cm (L x l x H) (apr\u00e8s extension).<\/p>\n","protected":false},"featured_media":7376,"comment_status":"open","ping_status":"closed","template":"","meta":[],"product_brand":[],"product_cat":[79],"product_tag":[],"class_list":{"0":"post-7167","1":"product","2":"type-product","3":"status-publish","4":"has-post-thumbnail","6":"product_cat-conteneurs-dhabitation","8":"first","9":"instock","10":"sale","11":"shipping-taxable","12":"purchasable","13":"product-type-simple"},"yoast_head":"<!-- This site is optimized with the Yoast SEO plugin v25.3.1 - https:\/\/yoast.com\/wordpress\/plugins\/seo\/ -->\n<title>BOVONO Petite maison\/petit entrep\u00f4t pr\u00e9fabriqu\u00e9 moderne mobile - Sp\u00e9cialiste de la vente de containers maritime<\/title>\n<meta name=\"robots\" content=\"index, follow, max-snippet:-1, max-image-preview:large, max-video-preview:-1\" \/>\n<link rel=\"canonical\" href=\"https:\/\/conteneo.store\/index.php\/produit\/bovono-petite-maison-petit-entrepot-prefabrique-moderne-mobile\/\" \/>\n<meta property=\"og:locale\" content=\"fr_FR\" \/>\n<meta property=\"og:type\" content=\"article\" \/>\n<meta property=\"og:title\" content=\"BOVONO Petite maison\/petit entrep\u00f4t pr\u00e9fabriqu\u00e9 moderne mobile - Sp\u00e9cialiste de la vente de containers maritime\" \/>\n<meta property=\"og:description\" content=\"Porte verrouillable, fen\u00eatre, toilettes, armoire, convient pour un h\u00f4tel, comme stand, kiosque 5,7 x 6 m   Cet espace de stockage pr\u00e9fabriqu\u00e9 innovant sert \u00e9galement de petite maison extensible mobile. Excellente solution pour les personnes qui recherchent une solution polyvalente. En acier robuste et \u00e9quip\u00e9e d&#039;une porte verrouillable et de fen\u00eatres, elle offre \u00e0 la fois la s\u00e9curit\u00e9 et la commodit\u00e9 pour ranger vos affaires personnels et un espace de vie confortable.  [\u00c9quipements essentiels \u00e0 port\u00e9e de main] Profitez de la commodit\u00e9 des \u00e9quipements essentiels \u00e0 port\u00e9e de main. Notre maison pr\u00e9fabriqu\u00e9e est compos\u00e9e d&#039;une salle de bain, d&#039;une douche et de placards de cuisine int\u00e9gr\u00e9s pour profiter du confort de chez-vous o\u00f9 que vous alliez. L&#039;utilisation optimale de l&#039;espace garantit que chaque m\u00e8tre carr\u00e9 est soigneusement con\u00e7u sans compromettre le style.  [\u00c9l\u00e9gante et durable] Notre petite maison pr\u00e9fabriqu\u00e9e est esth\u00e9tiquement moderne, alliant la fonctionnalit\u00e9 et un design \u00e9l\u00e9gant. L&#039;ext\u00e9rieur est con\u00e7u pour r\u00e9sister \u00e0 des vents allant jusqu&#039;\u00e0 120 km\/h et diverses conditions m\u00e9t\u00e9orologiques. Sa taille compacte en fait un choix id\u00e9al pour ceux qui recherchent un espace de vie \u00e0 la fois chic et pratique.  [Montage facile et belles finitions] Gr\u00e2ce \u00e0 la maison pr\u00e9fabriqu\u00e9e, vous pouvez profiter des avantages d&#039;un assemblage rapide sans compromettre la qualit\u00e9. La d\u00e9coration int\u00e9rieure offre des finitions m\u00e9ticuleuses dont vous pouvez profiter imm\u00e9diatement. Adoptez une vie insouciante sans avoir besoin de faire des r\u00e9novations fastidieuses.  [Solution sur mesure pour diff\u00e9rents besoins] Que vous ayez besoin d&#039;un abri de rangement dans votre jardin ou d&#039;un espace de vie compact, notre petite maison pr\u00e9fabriqu\u00e9e offre une solution sur mesure. Transportable, elle permet de la d\u00e9placer facilement, ce qui la rend tr\u00e8s pratique pour un h\u00f4tel, un bureau, un magasin ou m\u00eame un atelier. D\u00e9couvrez les possibilit\u00e9s illimit\u00e9es que cette maison pr\u00e9fabriqu\u00e9e polyvalente offre.  Description du produit Information sur le produit :  Structure en acier.  Panneau mural en mousse ignifug\u00e9e.  Toit : mousse ignifug\u00e9e, aluminium, magn\u00e9sium, mangan\u00e8se, isolation thermique.  Sol : verre et magn\u00e9sium.  Sol en cuir stratifi\u00e9 r\u00e9sistant \u00e0 l&#039;usure de 0,2 cm.  Fen\u00eatre : fen\u00eatre coulissante \u00e0 treillis, double vitrage en verre tremp\u00e9, plastique et acier.  Fen\u00eatre ext\u00e9rieure de salle de bain : fen\u00eatre en plexiglas.  Dimensions :  5,7 x 6 x 2,5 cm (L x l x H) (apr\u00e8s extension).\" \/>\n<meta property=\"og:url\" content=\"https:\/\/conteneo.store\/index.php\/produit\/bovono-petite-maison-petit-entrepot-prefabrique-moderne-mobile\/\" \/>\n<meta property=\"og:site_name\" content=\"Sp\u00e9cialiste de la vente de containers maritime\" \/>\n<meta property=\"article:modified_time\" content=\"2025-09-17T13:38:08+00:00\" \/>\n<meta name=\"twitter:card\" content=\"summary_large_image\" \/>\n<script type=\"application\/ld+json\" class=\"yoast-schema-graph\">{\"@context\":\"https:\/\/schema.org\",\"@graph\":[{\"@type\":\"WebPage\",\"@id\":\"https:\/\/conteneo.store\/index.php\/produit\/bovono-petite-maison-petit-entrepot-prefabrique-moderne-mobile\/\",\"url\":\"https:\/\/conteneo.store\/index.php\/produit\/bovono-petite-maison-petit-entrepot-prefabrique-moderne-mobile\/\",\"name\":\"BOVONO Petite maison\/petit entrep\u00f4t pr\u00e9fabriqu\u00e9 moderne mobile - Sp\u00e9cialiste de la vente de containers maritime\",\"isPartOf\":{\"@id\":\"https:\/\/conteneo.store\/#website\"},\"primaryImageOfPage\":{\"@id\":\"https:\/\/conteneo.store\/index.php\/produit\/bovono-petite-maison-petit-entrepot-prefabrique-moderne-mobile\/#primaryimage\"},\"image\":{\"@id\":\"https:\/\/conteneo.store\/index.php\/produit\/bovono-petite-maison-petit-entrepot-prefabrique-moderne-mobile\/#primaryimage\"},\"thumbnailUrl\":\"https:\/\/conteneo.store\/wp-content\/uploads\/2025\/09\/BOVONO-Petite-maison-petit-entrepot-prefabrique-moderne-mobile.webp\",\"datePublished\":\"2025-09-17T12:59:38+00:00\",\"dateModified\":\"2025-09-17T13:38:08+00:00\",\"breadcrumb\":{\"@id\":\"https:\/\/conteneo.store\/index.php\/produit\/bovono-petite-maison-petit-entrepot-prefabrique-moderne-mobile\/#breadcrumb\"},\"inLanguage\":\"fr-FR\",\"potentialAction\":[{\"@type\":\"ReadAction\",\"target\":[\"https:\/\/conteneo.store\/index.php\/produit\/bovono-petite-maison-petit-entrepot-prefabrique-moderne-mobile\/\"]}]},{\"@type\":\"ImageObject\",\"inLanguage\":\"fr-FR\",\"@id\":\"https:\/\/conteneo.store\/index.php\/produit\/bovono-petite-maison-petit-entrepot-prefabrique-moderne-mobile\/#primaryimage\",\"url\":\"https:\/\/conteneo.store\/wp-content\/uploads\/2025\/09\/BOVONO-Petite-maison-petit-entrepot-prefabrique-moderne-mobile.webp\",\"contentUrl\":\"https:\/\/conteneo.store\/wp-content\/uploads\/2025\/09\/BOVONO-Petite-maison-petit-entrepot-prefabrique-moderne-mobile.webp\",\"width\":690,\"height\":301},{\"@type\":\"BreadcrumbList\",\"@id\":\"https:\/\/conteneo.store\/index.php\/produit\/bovono-petite-maison-petit-entrepot-prefabrique-moderne-mobile\/#breadcrumb\",\"itemListElement\":[{\"@type\":\"ListItem\",\"position\":1,\"name\":\"Accueil\",\"item\":\"https:\/\/conteneo.store\/\"},{\"@type\":\"ListItem\",\"position\":2,\"name\":\"Boutique\",\"item\":\"https:\/\/conteneo.store\/index.php\/boutique\/\"},{\"@type\":\"ListItem\",\"position\":3,\"name\":\"BOVONO Petite maison\/petit entrep\u00f4t pr\u00e9fabriqu\u00e9 moderne mobile\"}]},{\"@type\":\"WebSite\",\"@id\":\"https:\/\/conteneo.store\/#website\",\"url\":\"https:\/\/conteneo.store\/\",\"name\":\"Sp\u00e9cialiste de la vente de containers maritime\",\"description\":\"\",\"potentialAction\":[{\"@type\":\"SearchAction\",\"target\":{\"@type\":\"EntryPoint\",\"urlTemplate\":\"https:\/\/conteneo.store\/?s={search_term_string}\"},\"query-input\":{\"@type\":\"PropertyValueSpecification\",\"valueRequired\":true,\"valueName\":\"search_term_string\"}}],\"inLanguage\":\"fr-FR\"}]}<\/script>\n<!-- \/ Yoast SEO plugin. -->","yoast_head_json":{"title":"BOVONO Petite maison\/petit entrep\u00f4t pr\u00e9fabriqu\u00e9 moderne mobile - Sp\u00e9cialiste de la vente de containers maritime","robots":{"index":"index","follow":"follow","max-snippet":"max-snippet:-1","max-image-preview":"max-image-preview:large","max-video-preview":"max-video-preview:-1"},"canonical":"https:\/\/conteneo.store\/index.php\/produit\/bovono-petite-maison-petit-entrepot-prefabrique-moderne-mobile\/","og_locale":"fr_FR","og_type":"article","og_title":"BOVONO Petite maison\/petit entrep\u00f4t pr\u00e9fabriqu\u00e9 moderne mobile - Sp\u00e9cialiste de la vente de containers maritime","og_description":"Porte verrouillable, fen\u00eatre, toilettes, armoire, convient pour un h\u00f4tel, comme stand, kiosque 5,7 x 6 m   Cet espace de stockage pr\u00e9fabriqu\u00e9 innovant sert \u00e9galement de petite maison extensible mobile. Excellente solution pour les personnes qui recherchent une solution polyvalente. En acier robuste et \u00e9quip\u00e9e d'une porte verrouillable et de fen\u00eatres, elle offre \u00e0 la fois la s\u00e9curit\u00e9 et la commodit\u00e9 pour ranger vos affaires personnels et un espace de vie confortable.  [\u00c9quipements essentiels \u00e0 port\u00e9e de main] Profitez de la commodit\u00e9 des \u00e9quipements essentiels \u00e0 port\u00e9e de main. Notre maison pr\u00e9fabriqu\u00e9e est compos\u00e9e d'une salle de bain, d'une douche et de placards de cuisine int\u00e9gr\u00e9s pour profiter du confort de chez-vous o\u00f9 que vous alliez. L'utilisation optimale de l'espace garantit que chaque m\u00e8tre carr\u00e9 est soigneusement con\u00e7u sans compromettre le style.  [\u00c9l\u00e9gante et durable] Notre petite maison pr\u00e9fabriqu\u00e9e est esth\u00e9tiquement moderne, alliant la fonctionnalit\u00e9 et un design \u00e9l\u00e9gant. L'ext\u00e9rieur est con\u00e7u pour r\u00e9sister \u00e0 des vents allant jusqu'\u00e0 120 km\/h et diverses conditions m\u00e9t\u00e9orologiques. Sa taille compacte en fait un choix id\u00e9al pour ceux qui recherchent un espace de vie \u00e0 la fois chic et pratique.  [Montage facile et belles finitions] Gr\u00e2ce \u00e0 la maison pr\u00e9fabriqu\u00e9e, vous pouvez profiter des avantages d'un assemblage rapide sans compromettre la qualit\u00e9. La d\u00e9coration int\u00e9rieure offre des finitions m\u00e9ticuleuses dont vous pouvez profiter imm\u00e9diatement. Adoptez une vie insouciante sans avoir besoin de faire des r\u00e9novations fastidieuses.  [Solution sur mesure pour diff\u00e9rents besoins] Que vous ayez besoin d'un abri de rangement dans votre jardin ou d'un espace de vie compact, notre petite maison pr\u00e9fabriqu\u00e9e offre une solution sur mesure. Transportable, elle permet de la d\u00e9placer facilement, ce qui la rend tr\u00e8s pratique pour un h\u00f4tel, un bureau, un magasin ou m\u00eame un atelier. D\u00e9couvrez les possibilit\u00e9s illimit\u00e9es que cette maison pr\u00e9fabriqu\u00e9e polyvalente offre.  Description du produit Information sur le produit :  Structure en acier.  Panneau mural en mousse ignifug\u00e9e.  Toit : mousse ignifug\u00e9e, aluminium, magn\u00e9sium, mangan\u00e8se, isolation thermique.  Sol : verre et magn\u00e9sium.  Sol en cuir stratifi\u00e9 r\u00e9sistant \u00e0 l'usure de 0,2 cm.  Fen\u00eatre : fen\u00eatre coulissante \u00e0 treillis, double vitrage en verre tremp\u00e9, plastique et acier.  Fen\u00eatre ext\u00e9rieure de salle de bain : fen\u00eatre en plexiglas.  Dimensions :  5,7 x 6 x 2,5 cm (L x l x H) (apr\u00e8s extension).","og_url":"https:\/\/conteneo.store\/index.php\/produit\/bovono-petite-maison-petit-entrepot-prefabrique-moderne-mobile\/","og_site_name":"Sp\u00e9cialiste de la vente de containers maritime","article_modified_time":"2025-09-17T13:38:08+00:00","twitter_card":"summary_large_image","schema":{"@context":"https:\/\/schema.org","@graph":[{"@type":"WebPage","@id":"https:\/\/conteneo.store\/index.php\/produit\/bovono-petite-maison-petit-entrepot-prefabrique-moderne-mobile\/","url":"https:\/\/conteneo.store\/index.php\/produit\/bovono-petite-maison-petit-entrepot-prefabrique-moderne-mobile\/","name":"BOVONO Petite maison\/petit entrep\u00f4t pr\u00e9fabriqu\u00e9 moderne mobile - Sp\u00e9cialiste de la vente de containers maritime","isPartOf":{"@id":"https:\/\/conteneo.store\/#website"},"primaryImageOfPage":{"@id":"https:\/\/conteneo.store\/index.php\/produit\/bovono-petite-maison-petit-entrepot-prefabrique-moderne-mobile\/#primaryimage"},"image":{"@id":"https:\/\/conteneo.store\/index.php\/produit\/bovono-petite-maison-petit-entrepot-prefabrique-moderne-mobile\/#primaryimage"},"thumbnailUrl":"https:\/\/conteneo.store\/wp-content\/uploads\/2025\/09\/BOVONO-Petite-maison-petit-entrepot-prefabrique-moderne-mobile.webp","datePublished":"2025-09-17T12:59:38+00:00","dateModified":"2025-09-17T13:38:08+00:00","breadcrumb":{"@id":"https:\/\/conteneo.store\/index.php\/produit\/bovono-petite-maison-petit-entrepot-prefabrique-moderne-mobile\/#breadcrumb"},"inLanguage":"fr-FR","potentialAction":[{"@type":"ReadAction","target":["https:\/\/conteneo.store\/index.php\/produit\/bovono-petite-maison-petit-entrepot-prefabrique-moderne-mobile\/"]}]},{"@type":"ImageObject","inLanguage":"fr-FR","@id":"https:\/\/conteneo.store\/index.php\/produit\/bovono-petite-maison-petit-entrepot-prefabrique-moderne-mobile\/#primaryimage","url":"https:\/\/conteneo.store\/wp-content\/uploads\/2025\/09\/BOVONO-Petite-maison-petit-entrepot-prefabrique-moderne-mobile.webp","contentUrl":"https:\/\/conteneo.store\/wp-content\/uploads\/2025\/09\/BOVONO-Petite-maison-petit-entrepot-prefabrique-moderne-mobile.webp","width":690,"height":301},{"@type":"BreadcrumbList","@id":"https:\/\/conteneo.store\/index.php\/produit\/bovono-petite-maison-petit-entrepot-prefabrique-moderne-mobile\/#breadcrumb","itemListElement":[{"@type":"ListItem","position":1,"name":"Accueil","item":"https:\/\/conteneo.store\/"},{"@type":"ListItem","position":2,"name":"Boutique","item":"https:\/\/conteneo.store\/index.php\/boutique\/"},{"@type":"ListItem","position":3,"name":"BOVONO Petite maison\/petit entrep\u00f4t pr\u00e9fabriqu\u00e9 moderne mobile"}]},{"@type":"WebSite","@id":"https:\/\/conteneo.store\/#website","url":"https:\/\/conteneo.store\/","name":"Sp\u00e9cialiste de la vente de containers maritime","description":"","potentialAction":[{"@type":"SearchAction","target":{"@type":"EntryPoint","urlTemplate":"https:\/\/conteneo.store\/?s={search_term_string}"},"query-input":{"@type":"PropertyValueSpecification","valueRequired":true,"valueName":"search_term_string"}}],"inLanguage":"fr-FR"}]}},"_links":{"self":[{"href":"https:\/\/conteneo.store\/index.php\/wp-json\/wp\/v2\/product\/7167","targetHints":{"allow":["GET"]}}],"collection":[{"href":"https:\/\/conteneo.store\/index.php\/wp-json\/wp\/v2\/product"}],"about":[{"href":"https:\/\/conteneo.store\/index.php\/wp-json\/wp\/v2\/types\/product"}],"replies":[{"embeddable":true,"href":"https:\/\/conteneo.store\/index.php\/wp-json\/wp\/v2\/comments?post=7167"}],"wp:featuredmedia":[{"embeddable":true,"href":"https:\/\/conteneo.store\/index.php\/wp-json\/wp\/v2\/media\/7376"}],"wp:attachment":[{"href":"https:\/\/conteneo.store\/index.php\/wp-json\/wp\/v2\/media?parent=7167"}],"wp:term":[{"taxonomy":"product_brand","embeddable":true,"href":"https:\/\/conteneo.store\/index.php\/wp-json\/wp\/v2\/product_brand?post=7167"},{"taxonomy":"product_cat","embeddable":true,"href":"https:\/\/conteneo.store\/index.php\/wp-json\/wp\/v2\/product_cat?post=7167"},{"taxonomy":"product_tag","embeddable":true,"href":"https:\/\/conteneo.store\/index.php\/wp-json\/wp\/v2\/product_tag?post=7167"}],"curies":[{"name":"wp","href":"https:\/\/api.w.org\/{rel}","templated":true}]}}