{"id":7350,"date":"2025-09-17T13:37:44","date_gmt":"2025-09-17T13:37:44","guid":{"rendered":"https:\/\/conteneo.store\/?post_type=product&#038;p=7350"},"modified":"2025-09-17T14:21:16","modified_gmt":"2025-09-17T14:21:16","slug":"1991-cummens-groupe-electrogene-de-secours-dans-un-conteneur-occasion-regardez-la-video","status":"publish","type":"product","link":"https:\/\/conteneo.store\/index.php\/produit\/1991-cummens-groupe-electrogene-de-secours-dans-un-conteneur-occasion-regardez-la-video\/","title":{"rendered":"1991 Cummens Groupe \u00e9lectrog\u00e8ne de secours dans un conteneur Occasion Regardez la vid\u00e9o"},"content":{"rendered":"<p><a href=\"https:\/\/conteneursexpress.net\/conditions-generales\/\"><span style=\"font-weight: 400;\">Conditions g\u00e9n\u00e9rales<\/span><\/a><\/p>\n<p><span style=\"font-weight: 400;\">Exp\u00e9dition : 7 &#8211; 10 jours ouvrables<\/span><\/p>\n","protected":false},"excerpt":{"rendered":"<section class=\"s_mockup_image o_cc o_cc1 o_colored_level pt4 pb8\" data-oe-shape-data=\"{'shape':'web_editor\/Wavy\/11', 'colors':{'c1': '#2D3142', 'c4': '#FFFFFF'}, 'showOnMobile':true}\" data-snippet=\"s_mockup_image\" data-name=\"Image de maquette\">\n<div class=\"container\">\n<div class=\"row align-items-center\">\n<div class=\"col-lg-8 pt16 pb16 o_colored_level\">\n<div class=\"ms-auto media_iframe_video\" data-oe-expression=\"\/\/www.youtube.com\/embed\/s4PiQBCDR5k?rel=0&amp;autoplay=1&amp;mute=1&amp;enablejsapi=1&amp;loop=1&amp;playlist=s4PiQBCDR5k\"><iframe src=\"https:\/\/www.youtube.com\/embed\/s4PiQBCDR5k?rel=0&amp;autoplay=1&amp;mute=1&amp;enablejsapi=1&amp;loop=1&amp;playlist=s4PiQBCDR5k\" frameborder=\"0\" allowfullscreen=\"allowfullscreen\" data-mce-fragment=\"1\"><\/iframe><\/div>\n<\/div>\n<\/div>\n<\/div>\n<\/section>\n<p>Entr\u00e9e et sortie d\u2019alimentation d\u2019urgence 220\/380V \u00c9quip\u00e9 d\u2019un r\u00e9servoir de carburant interne de 2000 litres \u00c9cr\u00eatement de puissance d\u2019urgence Mod\u00e8le super silencieux<\/p>\n<p><a href=\"https:\/\/youtu.be\/s4PiQBCDR5k\">Vid\u00e9o<\/a><\/p>\n<p>Marque<br \/>\nCummins<br \/>\nAnn\u00e9e<br \/>\n1991<br \/>\nCapacit\u00e9<br \/>\n350 kVA<br \/>\nMarque du moteur<br \/>\nMoteur diesel Big Cam Cummens NT-855-G6 6 cylindres<br \/>\nMarque du g\u00e9n\u00e9rateur<br \/>\nStamford HC534D2<br \/>\nCapacit\u00e9 du g\u00e9n\u00e9rateur<br \/>\n524A<br \/>\nAfficher les heures<br \/>\n235<br \/>\nPoids de la machine<br \/>\n14 000 kg<br \/>\nLongueur totale<br \/>\n6000 mm<br \/>\nLargeur totale<br \/>\n2400 mm<br \/>\nHauteur totale<br \/>\n2600 mm<\/p>\n","protected":false},"featured_media":7618,"comment_status":"open","ping_status":"closed","template":"","meta":[],"product_brand":[],"product_cat":[83],"product_tag":[],"class_list":{"0":"post-7350","1":"product","2":"type-product","3":"status-publish","4":"has-post-thumbnail","6":"product_cat-conteneurs-groupe-electrogene","8":"first","9":"instock","10":"sale","11":"shipping-taxable","12":"purchasable","13":"product-type-simple"},"yoast_head":"<!-- This site is optimized with the Yoast SEO plugin v25.3.1 - https:\/\/yoast.com\/wordpress\/plugins\/seo\/ -->\n<title>1991 Cummens Groupe \u00e9lectrog\u00e8ne de secours dans un conteneur Occasion Regardez la vid\u00e9o - Sp\u00e9cialiste de la vente de containers maritime<\/title>\n<meta name=\"robots\" content=\"index, follow, max-snippet:-1, max-image-preview:large, max-video-preview:-1\" \/>\n<link rel=\"canonical\" href=\"https:\/\/conteneo.store\/index.php\/produit\/1991-cummens-groupe-electrogene-de-secours-dans-un-conteneur-occasion-regardez-la-video\/\" \/>\n<meta property=\"og:locale\" content=\"fr_FR\" \/>\n<meta property=\"og:type\" content=\"article\" \/>\n<meta property=\"og:title\" content=\"1991 Cummens Groupe \u00e9lectrog\u00e8ne de secours dans un conteneur Occasion Regardez la vid\u00e9o - Sp\u00e9cialiste de la vente de containers maritime\" \/>\n<meta property=\"og:description\" content=\"Entr\u00e9e et sortie d\u2019alimentation d\u2019urgence 220\/380V \u00c9quip\u00e9 d\u2019un r\u00e9servoir de carburant interne de 2000 litres \u00c9cr\u00eatement de puissance d\u2019urgence Mod\u00e8le super silencieux  Vid\u00e9o  Marque Cummins Ann\u00e9e 1991 Capacit\u00e9 350 kVA Marque du moteur Moteur diesel Big Cam Cummens NT-855-G6 6 cylindres Marque du g\u00e9n\u00e9rateur Stamford HC534D2 Capacit\u00e9 du g\u00e9n\u00e9rateur 524A Afficher les heures 235 Poids de la machine 14 000 kg Longueur totale 6000 mm Largeur totale 2400 mm Hauteur totale 2600 mm\" \/>\n<meta property=\"og:url\" content=\"https:\/\/conteneo.store\/index.php\/produit\/1991-cummens-groupe-electrogene-de-secours-dans-un-conteneur-occasion-regardez-la-video\/\" \/>\n<meta property=\"og:site_name\" content=\"Sp\u00e9cialiste de la vente de containers maritime\" \/>\n<meta property=\"article:modified_time\" content=\"2025-09-17T14:21:16+00:00\" \/>\n<meta name=\"twitter:card\" content=\"summary_large_image\" \/>\n<script type=\"application\/ld+json\" class=\"yoast-schema-graph\">{\"@context\":\"https:\/\/schema.org\",\"@graph\":[{\"@type\":\"WebPage\",\"@id\":\"https:\/\/conteneo.store\/index.php\/produit\/1991-cummens-groupe-electrogene-de-secours-dans-un-conteneur-occasion-regardez-la-video\/\",\"url\":\"https:\/\/conteneo.store\/index.php\/produit\/1991-cummens-groupe-electrogene-de-secours-dans-un-conteneur-occasion-regardez-la-video\/\",\"name\":\"1991 Cummens Groupe \u00e9lectrog\u00e8ne de secours dans un conteneur Occasion Regardez la vid\u00e9o - Sp\u00e9cialiste de la vente de containers maritime\",\"isPartOf\":{\"@id\":\"https:\/\/conteneo.store\/#website\"},\"primaryImageOfPage\":{\"@id\":\"https:\/\/conteneo.store\/index.php\/produit\/1991-cummens-groupe-electrogene-de-secours-dans-un-conteneur-occasion-regardez-la-video\/#primaryimage\"},\"image\":{\"@id\":\"https:\/\/conteneo.store\/index.php\/produit\/1991-cummens-groupe-electrogene-de-secours-dans-un-conteneur-occasion-regardez-la-video\/#primaryimage\"},\"thumbnailUrl\":\"https:\/\/conteneo.store\/wp-content\/uploads\/2025\/09\/1991-Cummens-Groupe-electrogene-de-secours-dans-un-conteneur-Occasion-Regardez-la-video.webp\",\"datePublished\":\"2025-09-17T13:37:44+00:00\",\"dateModified\":\"2025-09-17T14:21:16+00:00\",\"breadcrumb\":{\"@id\":\"https:\/\/conteneo.store\/index.php\/produit\/1991-cummens-groupe-electrogene-de-secours-dans-un-conteneur-occasion-regardez-la-video\/#breadcrumb\"},\"inLanguage\":\"fr-FR\",\"potentialAction\":[{\"@type\":\"ReadAction\",\"target\":[\"https:\/\/conteneo.store\/index.php\/produit\/1991-cummens-groupe-electrogene-de-secours-dans-un-conteneur-occasion-regardez-la-video\/\"]}]},{\"@type\":\"ImageObject\",\"inLanguage\":\"fr-FR\",\"@id\":\"https:\/\/conteneo.store\/index.php\/produit\/1991-cummens-groupe-electrogene-de-secours-dans-un-conteneur-occasion-regardez-la-video\/#primaryimage\",\"url\":\"https:\/\/conteneo.store\/wp-content\/uploads\/2025\/09\/1991-Cummens-Groupe-electrogene-de-secours-dans-un-conteneur-Occasion-Regardez-la-video.webp\",\"contentUrl\":\"https:\/\/conteneo.store\/wp-content\/uploads\/2025\/09\/1991-Cummens-Groupe-electrogene-de-secours-dans-un-conteneur-Occasion-Regardez-la-video.webp\",\"width\":1024,\"height\":768},{\"@type\":\"BreadcrumbList\",\"@id\":\"https:\/\/conteneo.store\/index.php\/produit\/1991-cummens-groupe-electrogene-de-secours-dans-un-conteneur-occasion-regardez-la-video\/#breadcrumb\",\"itemListElement\":[{\"@type\":\"ListItem\",\"position\":1,\"name\":\"Accueil\",\"item\":\"https:\/\/conteneo.store\/\"},{\"@type\":\"ListItem\",\"position\":2,\"name\":\"Boutique\",\"item\":\"https:\/\/conteneo.store\/index.php\/boutique\/\"},{\"@type\":\"ListItem\",\"position\":3,\"name\":\"1991 Cummens Groupe \u00e9lectrog\u00e8ne de secours dans un conteneur Occasion Regardez la vid\u00e9o\"}]},{\"@type\":\"WebSite\",\"@id\":\"https:\/\/conteneo.store\/#website\",\"url\":\"https:\/\/conteneo.store\/\",\"name\":\"Sp\u00e9cialiste de la vente de containers maritime\",\"description\":\"\",\"potentialAction\":[{\"@type\":\"SearchAction\",\"target\":{\"@type\":\"EntryPoint\",\"urlTemplate\":\"https:\/\/conteneo.store\/?s={search_term_string}\"},\"query-input\":{\"@type\":\"PropertyValueSpecification\",\"valueRequired\":true,\"valueName\":\"search_term_string\"}}],\"inLanguage\":\"fr-FR\"}]}<\/script>\n<!-- \/ Yoast SEO plugin. -->","yoast_head_json":{"title":"1991 Cummens Groupe \u00e9lectrog\u00e8ne de secours dans un conteneur Occasion Regardez la vid\u00e9o - Sp\u00e9cialiste de la vente de containers maritime","robots":{"index":"index","follow":"follow","max-snippet":"max-snippet:-1","max-image-preview":"max-image-preview:large","max-video-preview":"max-video-preview:-1"},"canonical":"https:\/\/conteneo.store\/index.php\/produit\/1991-cummens-groupe-electrogene-de-secours-dans-un-conteneur-occasion-regardez-la-video\/","og_locale":"fr_FR","og_type":"article","og_title":"1991 Cummens Groupe \u00e9lectrog\u00e8ne de secours dans un conteneur Occasion Regardez la vid\u00e9o - Sp\u00e9cialiste de la vente de containers maritime","og_description":"Entr\u00e9e et sortie d\u2019alimentation d\u2019urgence 220\/380V \u00c9quip\u00e9 d\u2019un r\u00e9servoir de carburant interne de 2000 litres \u00c9cr\u00eatement de puissance d\u2019urgence Mod\u00e8le super silencieux  Vid\u00e9o  Marque Cummins Ann\u00e9e 1991 Capacit\u00e9 350 kVA Marque du moteur Moteur diesel Big Cam Cummens NT-855-G6 6 cylindres Marque du g\u00e9n\u00e9rateur Stamford HC534D2 Capacit\u00e9 du g\u00e9n\u00e9rateur 524A Afficher les heures 235 Poids de la machine 14 000 kg Longueur totale 6000 mm Largeur totale 2400 mm Hauteur totale 2600 mm","og_url":"https:\/\/conteneo.store\/index.php\/produit\/1991-cummens-groupe-electrogene-de-secours-dans-un-conteneur-occasion-regardez-la-video\/","og_site_name":"Sp\u00e9cialiste de la vente de containers maritime","article_modified_time":"2025-09-17T14:21:16+00:00","twitter_card":"summary_large_image","schema":{"@context":"https:\/\/schema.org","@graph":[{"@type":"WebPage","@id":"https:\/\/conteneo.store\/index.php\/produit\/1991-cummens-groupe-electrogene-de-secours-dans-un-conteneur-occasion-regardez-la-video\/","url":"https:\/\/conteneo.store\/index.php\/produit\/1991-cummens-groupe-electrogene-de-secours-dans-un-conteneur-occasion-regardez-la-video\/","name":"1991 Cummens Groupe \u00e9lectrog\u00e8ne de secours dans un conteneur Occasion Regardez la vid\u00e9o - Sp\u00e9cialiste de la vente de containers maritime","isPartOf":{"@id":"https:\/\/conteneo.store\/#website"},"primaryImageOfPage":{"@id":"https:\/\/conteneo.store\/index.php\/produit\/1991-cummens-groupe-electrogene-de-secours-dans-un-conteneur-occasion-regardez-la-video\/#primaryimage"},"image":{"@id":"https:\/\/conteneo.store\/index.php\/produit\/1991-cummens-groupe-electrogene-de-secours-dans-un-conteneur-occasion-regardez-la-video\/#primaryimage"},"thumbnailUrl":"https:\/\/conteneo.store\/wp-content\/uploads\/2025\/09\/1991-Cummens-Groupe-electrogene-de-secours-dans-un-conteneur-Occasion-Regardez-la-video.webp","datePublished":"2025-09-17T13:37:44+00:00","dateModified":"2025-09-17T14:21:16+00:00","breadcrumb":{"@id":"https:\/\/conteneo.store\/index.php\/produit\/1991-cummens-groupe-electrogene-de-secours-dans-un-conteneur-occasion-regardez-la-video\/#breadcrumb"},"inLanguage":"fr-FR","potentialAction":[{"@type":"ReadAction","target":["https:\/\/conteneo.store\/index.php\/produit\/1991-cummens-groupe-electrogene-de-secours-dans-un-conteneur-occasion-regardez-la-video\/"]}]},{"@type":"ImageObject","inLanguage":"fr-FR","@id":"https:\/\/conteneo.store\/index.php\/produit\/1991-cummens-groupe-electrogene-de-secours-dans-un-conteneur-occasion-regardez-la-video\/#primaryimage","url":"https:\/\/conteneo.store\/wp-content\/uploads\/2025\/09\/1991-Cummens-Groupe-electrogene-de-secours-dans-un-conteneur-Occasion-Regardez-la-video.webp","contentUrl":"https:\/\/conteneo.store\/wp-content\/uploads\/2025\/09\/1991-Cummens-Groupe-electrogene-de-secours-dans-un-conteneur-Occasion-Regardez-la-video.webp","width":1024,"height":768},{"@type":"BreadcrumbList","@id":"https:\/\/conteneo.store\/index.php\/produit\/1991-cummens-groupe-electrogene-de-secours-dans-un-conteneur-occasion-regardez-la-video\/#breadcrumb","itemListElement":[{"@type":"ListItem","position":1,"name":"Accueil","item":"https:\/\/conteneo.store\/"},{"@type":"ListItem","position":2,"name":"Boutique","item":"https:\/\/conteneo.store\/index.php\/boutique\/"},{"@type":"ListItem","position":3,"name":"1991 Cummens Groupe \u00e9lectrog\u00e8ne de secours dans un conteneur Occasion Regardez la vid\u00e9o"}]},{"@type":"WebSite","@id":"https:\/\/conteneo.store\/#website","url":"https:\/\/conteneo.store\/","name":"Sp\u00e9cialiste de la vente de containers maritime","description":"","potentialAction":[{"@type":"SearchAction","target":{"@type":"EntryPoint","urlTemplate":"https:\/\/conteneo.store\/?s={search_term_string}"},"query-input":{"@type":"PropertyValueSpecification","valueRequired":true,"valueName":"search_term_string"}}],"inLanguage":"fr-FR"}]}},"_links":{"self":[{"href":"https:\/\/conteneo.store\/index.php\/wp-json\/wp\/v2\/product\/7350","targetHints":{"allow":["GET"]}}],"collection":[{"href":"https:\/\/conteneo.store\/index.php\/wp-json\/wp\/v2\/product"}],"about":[{"href":"https:\/\/conteneo.store\/index.php\/wp-json\/wp\/v2\/types\/product"}],"replies":[{"embeddable":true,"href":"https:\/\/conteneo.store\/index.php\/wp-json\/wp\/v2\/comments?post=7350"}],"wp:featuredmedia":[{"embeddable":true,"href":"https:\/\/conteneo.store\/index.php\/wp-json\/wp\/v2\/media\/7618"}],"wp:attachment":[{"href":"https:\/\/conteneo.store\/index.php\/wp-json\/wp\/v2\/media?parent=7350"}],"wp:term":[{"taxonomy":"product_brand","embeddable":true,"href":"https:\/\/conteneo.store\/index.php\/wp-json\/wp\/v2\/product_brand?post=7350"},{"taxonomy":"product_cat","embeddable":true,"href":"https:\/\/conteneo.store\/index.php\/wp-json\/wp\/v2\/product_cat?post=7350"},{"taxonomy":"product_tag","embeddable":true,"href":"https:\/\/conteneo.store\/index.php\/wp-json\/wp\/v2\/product_tag?post=7350"}],"curies":[{"name":"wp","href":"https:\/\/api.w.org\/{rel}","templated":true}]}}